{"id":5912,"date":"2025-07-15T08:13:29","date_gmt":"2025-07-15T08:13:29","guid":{"rendered":"https:\/\/cabane-apuseni.fastapp.ro\/?page_id=5912"},"modified":"2025-10-28T13:05:04","modified_gmt":"2025-10-28T13:05:04","slug":"varful-bihor-cucurbata-mare","status":"publish","type":"page","link":"https:\/\/apuseniair.ro\/en\/varful-bihor-cucurbata-mare\/","title":{"rendered":"The Tip Of The Bihor County (\"Cucurb\u0103ta Mare\")"},"content":{"rendered":"<div data-elementor-type=\"wp-page\" data-elementor-id=\"5912\" class=\"elementor elementor-5912\">\n\t\t\t\t<div class=\"elementor-element elementor-element-3cb7542f e-flex e-con-boxed e-con e-parent\" data-id=\"3cb7542f\" data-element_type=\"container\">\n\t\t\t\t\t<div class=\"e-con-inner\">\n\t\t<div class=\"elementor-element elementor-element-21f2373e e-con-full e-flex e-con e-child\" data-id=\"21f2373e\" data-element_type=\"container\">\n\t\t\t\t<div class=\"elementor-element elementor-element-12ce68b elementor-widget elementor-widget-image\" data-id=\"12ce68b\" data-element_type=\"widget\" data-widget_type=\"image.default\">\n\t\t\t\t<div class=\"elementor-widget-container\">\n\t\t\t\t\t\t\t\t\t\t\t\t\t\t\t<img fetchpriority=\"high\" decoding=\"async\" width=\"525\" height=\"700\" src=\"https:\/\/apuseniair.ro\/wp-content\/uploads\/2025\/06\/soldati-zalau-varful-bihorul-3.jpg\" class=\"attachment-large size-large wp-image-5624\" alt=\"\" srcset=\"https:\/\/apuseniair.ro\/wp-content\/uploads\/2025\/06\/soldati-zalau-varful-bihorul-3.jpg 525w, https:\/\/apuseniair.ro\/wp-content\/uploads\/2025\/06\/soldati-zalau-varful-bihorul-3-225x300.jpg 225w, https:\/\/apuseniair.ro\/wp-content\/uploads\/2025\/06\/soldati-zalau-varful-bihorul-3-9x12.jpg 9w\" sizes=\"(max-width: 525px) 100vw, 525px\" \/>\t\t\t\t\t\t\t\t\t\t\t\t\t\t\t<\/div>\n\t\t\t\t<\/div>\n\t\t<div class=\"elementor-element elementor-element-cd493ec e-grid e-con-full elementor-hidden-tablet e-con e-child\" data-id=\"cd493ec\" data-element_type=\"container\">\n\t\t\t\t<div class=\"elementor-element elementor-element-7346596 elementor-align-left elementor-widget elementor-widget-button\" data-id=\"7346596\" data-element_type=\"widget\" data-widget_type=\"button.default\">\n\t\t\t\t<div class=\"elementor-widget-container\">\n\t\t\t\t\t\t\t\t\t<div class=\"elementor-button-wrapper\">\n\t\t\t\t\t<a class=\"elementor-button elementor-button-link elementor-size-sm\" href=\"https:\/\/apuseniair.ro\/en\/partia-de-schi-vartop\/\">\n\t\t\t\t\t\t<span class=\"elementor-button-content-wrapper\">\n\t\t\t\t\t\t<span class=\"elementor-button-icon\">\n\t\t\t\t<svg aria-hidden=\"true\" class=\"e-font-icon-svg e-fas-arrow-left\" viewbox=\"0 0 448 512\" xmlns=\"http:\/\/www.w3.org\/2000\/svg\"><path d=\"M257.5 445.1l-22.2 22.2c-9.4 9.4-24.6 9.4-33.9 0L7 273c-9.4-9.4-9.4-24.6 0-33.9L201.4 44.7c9.4-9.4 24.6-9.4 33.9 0l22.2 22.2c9.5 9.5 9.3 25-.4 34.3L136.6 216H424c13.3 0 24 10.7 24 24v32c0 13.3-10.7 24-24 24H136.6l120.5 114.8c9.8 9.3 10 24.8.4 34.3z\"><\/path><\/svg>\t\t\t<\/span>\n\t\t\t\t\t\t\t\t<\/span>\n\t\t\t\t\t<\/a>\n\t\t\t\t<\/div>\n\t\t\t\t\t\t\t\t<\/div>\n\t\t\t\t<\/div>\n\t\t\t\t<\/div>\n\t\t\t\t<\/div>\n\t\t<div class=\"elementor-element elementor-element-2fe44a3f e-con-full e-flex e-con e-child\" data-id=\"2fe44a3f\" data-element_type=\"container\">\n\t\t\t\t<div class=\"elementor-element elementor-element-4cb795b elementor-widget elementor-widget-text-editor\" data-id=\"4cb795b\" data-element_type=\"widget\" data-widget_type=\"text-editor.default\">\n\t\t\t\t<div class=\"elementor-widget-container\">\n\t\t\t\t\t\t\t\t\t<p><b>Bihor<\/b><b> Peak<\/b><b>(\"Cucurb\u0103ta<\/b><b> Mare\") The Highest Point <\/b><b>of the<\/b> <b>Apuseni<\/b> <b>Mountains<\/b><b> al <\/b><b>Apusenilor<br \/><\/b>At an altitude of 1,849 meters, Bihor Peak, also known as Cucurb\u0103ta Mare, is the highest summit in the Apuseni Mountains. It offers an unforgettable experience for those who love hiking, alpine panoramas, and complete tranquility\u2014far from crowded tourist spots, a true <b>hidden gem of the Apuseni.<\/b><\/p><p><b>Why it\u2019s worth climbing Bihor Peak:<\/b><br \/>360\u00b0 panoramic views \u2013 from the top, you can see the F\u0103g\u0103ra\u0219 Mountains, Vl\u0103deasa, and even the plains stretching toward Hungary<br \/>Quiet, uncrowded trails \u2013 perfect for those seeking to escape commercial destinations<br \/>Wild nature and fresh air, with alpine landscapes and spruce forests<br \/>An authentic mountain experience \u2013 no stalls, no crowds, just you and the mountain<\/p><p><b>Access &amp; location:<\/b><br \/>The peak lies in the southern part of the Apuseni Mountains, on the border between Alba and Bihor counties<br \/>Accessible from Pietroasa \u2013 St\u00e2na de Vale or from Arie\u0219eni (near Apuseni Air, M\u0103ti\u0219e\u0219ti \u2013 about 50\u201360 km)<br \/>Well-marked trails of medium difficulty, suitable for hikers in decent physical condition<\/p><p><b>Recommended trails:<\/b><br \/>Pietroasa \u2013 Padi\u0219 \u2013 Bihor Peak: a scenic, medium-difficulty route (3\u20135 hours)<br \/>Alternative routes through G\u00e2rda de Sus or the Padi\u0219 area, with beautiful lookout points<\/p><p><!-- \/wp:paragraph --><\/p>\t\t\t\t\t\t\t\t<\/div>\n\t\t\t\t<\/div>\n\t\t\t\t<div class=\"elementor-element elementor-element-4a5e9f animated-fast elementor-invisible elementor-widget elementor-widget-uxper-elementor-button\" data-id=\"4a5e9f\" data-element_type=\"widget\" data-settings=\"{&quot;_animation&quot;:&quot;uxperFadeInUp&quot;}\" data-widget_type=\"uxper-elementor-button.default\">\n\t\t\t\t<div class=\"elementor-widget-container\">\n\t\t\t\t\t\t\t<div class=\"ue-modern-button\">\r\n\t\t\t\t\t<div class=\"uxper-ele-button-wrapper\">\r\n\t\t\t<a class=\"uxper-ele-button  style-border\" href=\"https:\/\/maps.app.goo.gl\/VQwaYdf19Z1p9QwH9\" target=\"_blank\">\t\t\t<div class=\"button-content-wrapper\">\r\n\t\t\t\t\r\n\t\t\t\t\t\t\t\t\t<span class=\"button-text\">ROUTE INFORMATION<\/span>\r\n\t\t\t\t\r\n\t\t\t\t\t\t\t<\/div>\r\n\t\t\t<\/a>\t\t<\/div>\r\n\t\t\t\t<\/div>\r\n\t\t\t\t<\/div>\n\t\t\t\t<\/div>\n\t\t\t\t<\/div>\n\t\t\t\t\t<\/div>\n\t\t\t\t<\/div>\n\t\t<div class=\"elementor-element elementor-element-3b88c1df e-flex e-con-boxed e-con e-parent\" data-id=\"3b88c1df\" data-element_type=\"container\">\n\t\t\t\t\t<div class=\"e-con-inner\">\n\t\t\t\t<div class=\"elementor-element elementor-element-19bcd50c elementor-widget__width-initial elementor-widget elementor-widget-google_maps\" data-id=\"19bcd50c\" data-element_type=\"widget\" data-widget_type=\"google_maps.default\">\n\t\t\t\t<div class=\"elementor-widget-container\">\n\t\t\t\t\t\t\t<div class=\"elementor-custom-embed\">\n\t\t\t<iframe loading=\"lazy\"\n\t\t\t\t\tsrc=\"https:\/\/maps.google.com\/maps?q=V%C3%A2rful%20Curcub%C4%83ta%20Mare%2C%20Mun%C8%9Bii%20Bihorului&#038;t=m&#038;z=13&#038;output=embed&#038;iwloc=near\"\n\t\t\t\t\ttitle=\"The Tip Of The Curcub\u0103ta The Sea, The Mountains Of The Business\"\n\t\t\t\t\taria-label=\"The Tip Of The Curcub\u0103ta The Sea, The Mountains Of The Business\"\n\t\t\t><\/iframe>\n\t\t<\/div>\n\t\t\t\t\t\t<\/div>\n\t\t\t\t<\/div>\n\t\t\t\t\t<\/div>\n\t\t\t\t<\/div>\n\t\t<div class=\"elementor-element elementor-element-1b648d0 e-grid e-con-full elementor-hidden-desktop elementor-hidden-tablet e-con e-child\" data-id=\"1b648d0\" data-element_type=\"container\">\n\t\t\t\t<div class=\"elementor-element elementor-element-2458f6c elementor-align-left elementor-widget elementor-widget-button\" data-id=\"2458f6c\" data-element_type=\"widget\" data-widget_type=\"button.default\">\n\t\t\t\t<div class=\"elementor-widget-container\">\n\t\t\t\t\t\t\t\t\t<div class=\"elementor-button-wrapper\">\n\t\t\t\t\t<a class=\"elementor-button elementor-button-link elementor-size-sm\" href=\"https:\/\/apuseniair.ro\/en\/partia-de-schi-vartop\/\">\n\t\t\t\t\t\t<span class=\"elementor-button-content-wrapper\">\n\t\t\t\t\t\t<span class=\"elementor-button-icon\">\n\t\t\t\t<svg aria-hidden=\"true\" class=\"e-font-icon-svg e-fas-arrow-left\" viewbox=\"0 0 448 512\" xmlns=\"http:\/\/www.w3.org\/2000\/svg\"><path d=\"M257.5 445.1l-22.2 22.2c-9.4 9.4-24.6 9.4-33.9 0L7 273c-9.4-9.4-9.4-24.6 0-33.9L201.4 44.7c9.4-9.4 24.6-9.4 33.9 0l22.2 22.2c9.5 9.5 9.3 25-.4 34.3L136.6 216H424c13.3 0 24 10.7 24 24v32c0 13.3-10.7 24-24 24H136.6l120.5 114.8c9.8 9.3 10 24.8.4 34.3z\"><\/path><\/svg>\t\t\t<\/span>\n\t\t\t\t\t\t\t\t<\/span>\n\t\t\t\t\t<\/a>\n\t\t\t\t<\/div>\n\t\t\t\t\t\t\t\t<\/div>\n\t\t\t\t<\/div>\n\t\t\t\t<\/div>\n\t\t<div class=\"elementor-element elementor-element-1b420de e-flex e-con-boxed e-con e-parent\" data-id=\"1b420de\" data-element_type=\"container\">\n\t\t\t\t\t<div class=\"e-con-inner\">\n\t\t\t\t<div class=\"elementor-element elementor-element-a4bf1aa elementor-arrows-position-inside elementor-pagination-position-outside elementor-widget elementor-widget-image-carousel\" data-id=\"a4bf1aa\" data-element_type=\"widget\" data-settings=\"{&quot;slides_to_show&quot;:&quot;3&quot;,&quot;slides_to_show_mobile&quot;:&quot;1&quot;,&quot;image_spacing_custom&quot;:{&quot;unit&quot;:&quot;px&quot;,&quot;size&quot;:64,&quot;sizes&quot;:[]},&quot;navigation&quot;:&quot;both&quot;,&quot;autoplay&quot;:&quot;yes&quot;,&quot;pause_on_hover&quot;:&quot;yes&quot;,&quot;pause_on_interaction&quot;:&quot;yes&quot;,&quot;autoplay_speed&quot;:5000,&quot;infinite&quot;:&quot;yes&quot;,&quot;speed&quot;:500,&quot;image_spacing_custom_tablet&quot;:{&quot;unit&quot;:&quot;px&quot;,&quot;size&quot;:&quot;&quot;,&quot;sizes&quot;:[]}}\" data-widget_type=\"image-carousel.default\">\n\t\t\t\t<div class=\"elementor-widget-container\">\n\t\t\t\t\t\t\t<div class=\"elementor-image-carousel-wrapper swiper\" role=\"region\" aria-roledescription=\"carousel\" aria-label=\"A carousel of images\" dir=\"ltr\">\n\t\t\t<div class=\"elementor-image-carousel swiper-wrapper\" aria-live=\"off\">\n\t\t\t\t\t\t\t\t<div class=\"swiper-slide\" role=\"group\" aria-roledescription=\"slide\" aria-label=\"1 din 4\"><figure class=\"swiper-slide-inner\"><img decoding=\"async\" class=\"swiper-slide-image\" src=\"https:\/\/apuseniair.ro\/wp-content\/uploads\/2025\/07\/Varful-Bihor-la-apus.webp\" alt=\"Varful-Bihor-la-apus\" \/><\/figure><\/div><div class=\"swiper-slide\" role=\"group\" aria-roledescription=\"slide\" aria-label=\"2 din 4\"><figure class=\"swiper-slide-inner\"><img decoding=\"async\" class=\"swiper-slide-image\" src=\"https:\/\/apuseniair.ro\/wp-content\/uploads\/2025\/07\/Varful-Bihor-toamna.webp\" alt=\"Varful-Bihor-toamna\" \/><\/figure><\/div><div class=\"swiper-slide\" role=\"group\" aria-roledescription=\"slide\" aria-label=\"3 din 4\"><figure class=\"swiper-slide-inner\"><img decoding=\"async\" class=\"swiper-slide-image\" src=\"https:\/\/apuseniair.ro\/wp-content\/uploads\/2025\/07\/Varful-Bihor-1024x576.jpg.webp\" alt=\"Varful-Bihor-1024x576.jpg\" \/><\/figure><\/div><div class=\"swiper-slide\" role=\"group\" aria-roledescription=\"slide\" aria-label=\"4 din 4\"><figure class=\"swiper-slide-inner\"><img decoding=\"async\" class=\"swiper-slide-image\" src=\"https:\/\/apuseniair.ro\/wp-content\/uploads\/2025\/07\/cascada-varciorog-1024x576-1.jpg\" alt=\"cascada-varciorog-1024x576\" \/><\/figure><\/div>\t\t\t<\/div>\n\t\t\t\t\t\t\t\t\t\t\t\t<div class=\"elementor-swiper-button elementor-swiper-button-prev\" role=\"button\" tabindex=\"0\">\n\t\t\t\t\t\t<svg aria-hidden=\"true\" class=\"e-font-icon-svg e-eicon-chevron-left\" viewbox=\"0 0 1000 1000\" xmlns=\"http:\/\/www.w3.org\/2000\/svg\"><path d=\"M646 125C629 125 613 133 604 142L308 442C296 454 292 471 292 487 292 504 296 521 308 533L604 854C617 867 629 875 646 875 663 875 679 871 692 858 704 846 713 829 713 812 713 796 708 779 692 767L438 487 692 225C700 217 708 204 708 187 708 171 704 154 692 142 675 129 663 125 646 125Z\"><\/path><\/svg>\t\t\t\t\t<\/div>\n\t\t\t\t\t<div class=\"elementor-swiper-button elementor-swiper-button-next\" role=\"button\" tabindex=\"0\">\n\t\t\t\t\t\t<svg aria-hidden=\"true\" class=\"e-font-icon-svg e-eicon-chevron-right\" viewbox=\"0 0 1000 1000\" xmlns=\"http:\/\/www.w3.org\/2000\/svg\"><path d=\"M696 533C708 521 713 504 713 487 713 471 708 454 696 446L400 146C388 133 375 125 354 125 338 125 325 129 313 142 300 154 292 171 292 187 292 204 296 221 308 233L563 492 304 771C292 783 288 800 288 817 288 833 296 850 308 863 321 871 338 875 354 875 371 875 388 867 400 854L696 533Z\"><\/path><\/svg>\t\t\t\t\t<\/div>\n\t\t\t\t\n\t\t\t\t\t\t\t\t\t<div class=\"swiper-pagination\"><\/div>\n\t\t\t\t\t\t\t\t\t<\/div>\n\t\t\t\t\t\t<\/div>\n\t\t\t\t<\/div>\n\t\t\t\t\t<\/div>\n\t\t\t\t<\/div>\n\t\t\t\t<\/div>","protected":false},"excerpt":{"rendered":"<p>V\u00e2rful Bihor (Cucurb\u0103ta Mare) \u2013 Cel mai \u00eenalt punct al ApusenilorLa o altitudine de 1.849 metri, V\u00e2rful Bihor, cunoscut \u0219i sub numele de Cucurb\u0103ta Mare, este cel mai \u00eenalt v\u00e2rf din Mun\u021bii Apuseni. Acesta ofer\u0103 o experien\u021b\u0103 de neuitat pentru iubitorii de drume\u021bii, panorame alpine \u0219i lini\u0219te deplin\u0103, departe de zonele aglomerate \u2013 un adevarat [&hellip;]<\/p>","protected":false},"author":1,"featured_media":0,"parent":0,"menu_order":0,"comment_status":"closed","ping_status":"closed","template":"","meta":{"footnotes":""},"class_list":["post-5912","page","type-page","status-publish","hentry","post-no-thumbnail"],"yoast_head":"<!-- This site is optimized with the Yoast SEO plugin v26.4 - https:\/\/yoast.com\/wordpress\/plugins\/seo\/ -->\n<title>V\u00e2rful Bihor (Cucurb\u0103ta Mare) - APUSENI AIR<\/title>\n<meta name=\"description\" content=\"V\u00e2rful Bihor (Cucurb\u0103ta Mare) \u2013 Cel mai \u00eenalt punct al ApusenilorLa o altitudine de 1.849 metri, V\u00e2rful Bihor, cunoscut \u0219i sub numele de Cucurb\u0103ta Mare,\" \/>\n<meta name=\"robots\" content=\"index, follow, max-snippet:-1, max-image-preview:large, max-video-preview:-1\" \/>\n<link rel=\"canonical\" href=\"https:\/\/apuseniair.ro\/en\/varful-bihor-cucurbata-mare\/\" \/>\n<meta property=\"og:locale\" content=\"en_US\" \/>\n<meta property=\"og:type\" content=\"article\" \/>\n<meta property=\"og:title\" content=\"V\u00e2rful Bihor (Cucurb\u0103ta Mare) - APUSENI AIR\" \/>\n<meta property=\"og:description\" content=\"V\u00e2rful Bihor (Cucurb\u0103ta Mare) \u2013 Cel mai \u00eenalt punct al ApusenilorLa o altitudine de 1.849 metri, V\u00e2rful Bihor, cunoscut \u0219i sub numele de Cucurb\u0103ta Mare,\" \/>\n<meta property=\"og:url\" content=\"https:\/\/apuseniair.ro\/en\/varful-bihor-cucurbata-mare\/\" \/>\n<meta property=\"og:site_name\" content=\"APUSENI AIR\" \/>\n<meta property=\"article:modified_time\" content=\"2025-10-28T13:05:04+00:00\" \/>\n<meta property=\"og:image\" content=\"https:\/\/apuseniair.ro\/wp-content\/uploads\/2025\/06\/soldati-zalau-varful-bihorul-3.jpg\" \/>\n\t<meta property=\"og:image:width\" content=\"525\" \/>\n\t<meta property=\"og:image:height\" content=\"700\" \/>\n\t<meta property=\"og:image:type\" content=\"image\/jpeg\" \/>\n<meta name=\"twitter:card\" content=\"summary_large_image\" \/>\n<meta name=\"twitter:label1\" content=\"Est. reading time\" \/>\n\t<meta name=\"twitter:data1\" content=\"1 minute\" \/>\n<script type=\"application\/ld+json\" class=\"yoast-schema-graph\">{\"@context\":\"https:\/\/schema.org\",\"@graph\":[{\"@type\":\"WebPage\",\"@id\":\"https:\/\/apuseniair.ro\/varful-bihor-cucurbata-mare\/\",\"url\":\"https:\/\/apuseniair.ro\/varful-bihor-cucurbata-mare\/\",\"name\":\"V\u00e2rful Bihor (Cucurb\u0103ta Mare) - APUSENI AIR\",\"isPartOf\":{\"@id\":\"https:\/\/apuseniair.ro\/#website\"},\"primaryImageOfPage\":{\"@id\":\"https:\/\/apuseniair.ro\/varful-bihor-cucurbata-mare\/#primaryimage\"},\"image\":{\"@id\":\"https:\/\/apuseniair.ro\/varful-bihor-cucurbata-mare\/#primaryimage\"},\"thumbnailUrl\":\"https:\/\/apuseniair.ro\/wp-content\/uploads\/2025\/06\/soldati-zalau-varful-bihorul-3.jpg\",\"datePublished\":\"2025-07-15T08:13:29+00:00\",\"dateModified\":\"2025-10-28T13:05:04+00:00\",\"description\":\"V\u00e2rful Bihor (Cucurb\u0103ta Mare) \u2013 Cel mai \u00eenalt punct al ApusenilorLa o altitudine de 1.849 metri, V\u00e2rful Bihor, cunoscut \u0219i sub numele de Cucurb\u0103ta Mare,\",\"breadcrumb\":{\"@id\":\"https:\/\/apuseniair.ro\/varful-bihor-cucurbata-mare\/#breadcrumb\"},\"inLanguage\":\"en-US\",\"potentialAction\":[{\"@type\":\"ReadAction\",\"target\":[\"https:\/\/apuseniair.ro\/varful-bihor-cucurbata-mare\/\"]}]},{\"@type\":\"ImageObject\",\"inLanguage\":\"en-US\",\"@id\":\"https:\/\/apuseniair.ro\/varful-bihor-cucurbata-mare\/#primaryimage\",\"url\":\"https:\/\/apuseniair.ro\/wp-content\/uploads\/2025\/06\/soldati-zalau-varful-bihorul-3.jpg\",\"contentUrl\":\"https:\/\/apuseniair.ro\/wp-content\/uploads\/2025\/06\/soldati-zalau-varful-bihorul-3.jpg\"},{\"@type\":\"BreadcrumbList\",\"@id\":\"https:\/\/apuseniair.ro\/varful-bihor-cucurbata-mare\/#breadcrumb\",\"itemListElement\":[{\"@type\":\"ListItem\",\"position\":1,\"name\":\"Prima pagin\u0103\",\"item\":\"https:\/\/apuseniair.ro\/\"},{\"@type\":\"ListItem\",\"position\":2,\"name\":\"V\u00e2rful Bihor (Cucurb\u0103ta Mare)\"}]},{\"@type\":\"WebSite\",\"@id\":\"https:\/\/apuseniair.ro\/#website\",\"url\":\"https:\/\/apuseniair.ro\/\",\"name\":\"APUSENI AIR\",\"description\":\"Hotel Booking\",\"potentialAction\":[{\"@type\":\"SearchAction\",\"target\":{\"@type\":\"EntryPoint\",\"urlTemplate\":\"https:\/\/apuseniair.ro\/?s={search_term_string}\"},\"query-input\":{\"@type\":\"PropertyValueSpecification\",\"valueRequired\":true,\"valueName\":\"search_term_string\"}}],\"inLanguage\":\"en-US\"}]}<\/script>\n<!-- \/ Yoast SEO plugin. -->","yoast_head_json":{"title":"V\u00e2rful Bihor (Cucurb\u0103ta Mare) - APUSENI AIR","description":"V\u00e2rful Bihor (Cucurb\u0103ta Mare) \u2013 Cel mai \u00eenalt punct al ApusenilorLa o altitudine de 1.849 metri, V\u00e2rful Bihor, cunoscut \u0219i sub numele de Cucurb\u0103ta Mare,","robots":{"index":"index","follow":"follow","max-snippet":"max-snippet:-1","max-image-preview":"max-image-preview:large","max-video-preview":"max-video-preview:-1"},"canonical":"https:\/\/apuseniair.ro\/en\/varful-bihor-cucurbata-mare\/","og_locale":"en_US","og_type":"article","og_title":"V\u00e2rful Bihor (Cucurb\u0103ta Mare) - APUSENI AIR","og_description":"V\u00e2rful Bihor (Cucurb\u0103ta Mare) \u2013 Cel mai \u00eenalt punct al ApusenilorLa o altitudine de 1.849 metri, V\u00e2rful Bihor, cunoscut \u0219i sub numele de Cucurb\u0103ta Mare,","og_url":"https:\/\/apuseniair.ro\/en\/varful-bihor-cucurbata-mare\/","og_site_name":"APUSENI AIR","article_modified_time":"2025-10-28T13:05:04+00:00","og_image":[{"width":525,"height":700,"url":"https:\/\/apuseniair.ro\/wp-content\/uploads\/2025\/06\/soldati-zalau-varful-bihorul-3.jpg","type":"image\/jpeg"}],"twitter_card":"summary_large_image","twitter_misc":{"Est. reading time":"1 minute"},"schema":{"@context":"https:\/\/schema.org","@graph":[{"@type":"WebPage","@id":"https:\/\/apuseniair.ro\/varful-bihor-cucurbata-mare\/","url":"https:\/\/apuseniair.ro\/varful-bihor-cucurbata-mare\/","name":"V\u00e2rful Bihor (Cucurb\u0103ta Mare) - APUSENI AIR","isPartOf":{"@id":"https:\/\/apuseniair.ro\/#website"},"primaryImageOfPage":{"@id":"https:\/\/apuseniair.ro\/varful-bihor-cucurbata-mare\/#primaryimage"},"image":{"@id":"https:\/\/apuseniair.ro\/varful-bihor-cucurbata-mare\/#primaryimage"},"thumbnailUrl":"https:\/\/apuseniair.ro\/wp-content\/uploads\/2025\/06\/soldati-zalau-varful-bihorul-3.jpg","datePublished":"2025-07-15T08:13:29+00:00","dateModified":"2025-10-28T13:05:04+00:00","description":"V\u00e2rful Bihor (Cucurb\u0103ta Mare) \u2013 Cel mai \u00eenalt punct al ApusenilorLa o altitudine de 1.849 metri, V\u00e2rful Bihor, cunoscut \u0219i sub numele de Cucurb\u0103ta Mare,","breadcrumb":{"@id":"https:\/\/apuseniair.ro\/varful-bihor-cucurbata-mare\/#breadcrumb"},"inLanguage":"en-US","potentialAction":[{"@type":"ReadAction","target":["https:\/\/apuseniair.ro\/varful-bihor-cucurbata-mare\/"]}]},{"@type":"ImageObject","inLanguage":"en-US","@id":"https:\/\/apuseniair.ro\/varful-bihor-cucurbata-mare\/#primaryimage","url":"https:\/\/apuseniair.ro\/wp-content\/uploads\/2025\/06\/soldati-zalau-varful-bihorul-3.jpg","contentUrl":"https:\/\/apuseniair.ro\/wp-content\/uploads\/2025\/06\/soldati-zalau-varful-bihorul-3.jpg"},{"@type":"BreadcrumbList","@id":"https:\/\/apuseniair.ro\/varful-bihor-cucurbata-mare\/#breadcrumb","itemListElement":[{"@type":"ListItem","position":1,"name":"Prima pagin\u0103","item":"https:\/\/apuseniair.ro\/"},{"@type":"ListItem","position":2,"name":"V\u00e2rful Bihor (Cucurb\u0103ta Mare)"}]},{"@type":"WebSite","@id":"https:\/\/apuseniair.ro\/#website","url":"https:\/\/apuseniair.ro\/","name":"APUSENI AIR","description":"Hotel Booking","potentialAction":[{"@type":"SearchAction","target":{"@type":"EntryPoint","urlTemplate":"https:\/\/apuseniair.ro\/?s={search_term_string}"},"query-input":{"@type":"PropertyValueSpecification","valueRequired":true,"valueName":"search_term_string"}}],"inLanguage":"en-US"}]}},"_links":{"self":[{"href":"https:\/\/apuseniair.ro\/en\/wp-json\/wp\/v2\/pages\/5912","targetHints":{"allow":["GET"]}}],"collection":[{"href":"https:\/\/apuseniair.ro\/en\/wp-json\/wp\/v2\/pages"}],"about":[{"href":"https:\/\/apuseniair.ro\/en\/wp-json\/wp\/v2\/types\/page"}],"author":[{"embeddable":true,"href":"https:\/\/apuseniair.ro\/en\/wp-json\/wp\/v2\/users\/1"}],"replies":[{"embeddable":true,"href":"https:\/\/apuseniair.ro\/en\/wp-json\/wp\/v2\/comments?post=5912"}],"version-history":[{"count":19,"href":"https:\/\/apuseniair.ro\/en\/wp-json\/wp\/v2\/pages\/5912\/revisions"}],"predecessor-version":[{"id":6735,"href":"https:\/\/apuseniair.ro\/en\/wp-json\/wp\/v2\/pages\/5912\/revisions\/6735"}],"wp:attachment":[{"href":"https:\/\/apuseniair.ro\/en\/wp-json\/wp\/v2\/media?parent=5912"}],"curies":[{"name":"wp","href":"https:\/\/api.w.org\/{rel}","templated":true}]}}