{"id":5906,"date":"2025-07-15T08:06:38","date_gmt":"2025-07-15T08:06:38","guid":{"rendered":"https:\/\/cabane-apuseni.fastapp.ro\/?page_id=5906"},"modified":"2025-10-28T13:04:14","modified_gmt":"2025-10-28T13:04:14","slug":"partia-de-schi-vartop","status":"publish","type":"page","link":"https:\/\/apuseniair.ro\/en\/partia-de-schi-vartop\/","title":{"rendered":"The ski slope in V\u00e2rtop"},"content":{"rendered":"<div data-elementor-type=\"wp-page\" data-elementor-id=\"5906\" class=\"elementor elementor-5906\">\n\t\t\t\t<div class=\"elementor-element elementor-element-2cf7895a e-flex e-con-boxed e-con e-parent\" data-id=\"2cf7895a\" data-element_type=\"container\">\n\t\t\t\t\t<div class=\"e-con-inner\">\n\t\t<div class=\"elementor-element elementor-element-62e54e8a e-con-full e-flex e-con e-child\" data-id=\"62e54e8a\" data-element_type=\"container\">\n\t\t\t\t<div class=\"elementor-element elementor-element-604d998b elementor-widget elementor-widget-image\" data-id=\"604d998b\" data-element_type=\"widget\" data-widget_type=\"image.default\">\n\t\t\t\t<div class=\"elementor-widget-container\">\n\t\t\t\t\t\t\t\t\t\t\t\t\t\t\t<img fetchpriority=\"high\" decoding=\"async\" width=\"540\" height=\"862\" src=\"https:\/\/apuseniair.ro\/wp-content\/uploads\/2025\/06\/329107337_741170560633198_3433216895328209284_n-e1751022845777.jpg\" class=\"attachment-large size-large wp-image-5623\" alt=\"\" srcset=\"https:\/\/apuseniair.ro\/wp-content\/uploads\/2025\/06\/329107337_741170560633198_3433216895328209284_n-e1751022845777.jpg 540w, https:\/\/apuseniair.ro\/wp-content\/uploads\/2025\/06\/329107337_741170560633198_3433216895328209284_n-e1751022845777-188x300.jpg 188w, https:\/\/apuseniair.ro\/wp-content\/uploads\/2025\/06\/329107337_741170560633198_3433216895328209284_n-e1751022845777-8x12.jpg 8w\" sizes=\"(max-width: 540px) 100vw, 540px\" \/>\t\t\t\t\t\t\t\t\t\t\t\t\t\t\t<\/div>\n\t\t\t\t<\/div>\n\t\t<div class=\"elementor-element elementor-element-05745a8 e-grid e-con-full elementor-hidden-tablet e-con e-child\" data-id=\"05745a8\" data-element_type=\"container\">\n\t\t\t\t<div class=\"elementor-element elementor-element-5badf4f elementor-align-left elementor-widget elementor-widget-button\" data-id=\"5badf4f\" data-element_type=\"widget\" data-widget_type=\"button.default\">\n\t\t\t\t<div class=\"elementor-widget-container\">\n\t\t\t\t\t\t\t\t\t<div class=\"elementor-button-wrapper\">\n\t\t\t\t\t<a class=\"elementor-button elementor-button-link elementor-size-sm\" href=\"https:\/\/apuseniair.ro\/en\/lacul-belis\/\">\n\t\t\t\t\t\t<span class=\"elementor-button-content-wrapper\">\n\t\t\t\t\t\t<span class=\"elementor-button-icon\">\n\t\t\t\t<svg aria-hidden=\"true\" class=\"e-font-icon-svg e-fas-arrow-left\" viewbox=\"0 0 448 512\" xmlns=\"http:\/\/www.w3.org\/2000\/svg\"><path d=\"M257.5 445.1l-22.2 22.2c-9.4 9.4-24.6 9.4-33.9 0L7 273c-9.4-9.4-9.4-24.6 0-33.9L201.4 44.7c9.4-9.4 24.6-9.4 33.9 0l22.2 22.2c9.5 9.5 9.3 25-.4 34.3L136.6 216H424c13.3 0 24 10.7 24 24v32c0 13.3-10.7 24-24 24H136.6l120.5 114.8c9.8 9.3 10 24.8.4 34.3z\"><\/path><\/svg>\t\t\t<\/span>\n\t\t\t\t\t\t\t\t<\/span>\n\t\t\t\t\t<\/a>\n\t\t\t\t<\/div>\n\t\t\t\t\t\t\t\t<\/div>\n\t\t\t\t<\/div>\n\t\t\t\t<div class=\"elementor-element elementor-element-df937d0 elementor-align-right elementor-widget elementor-widget-button\" data-id=\"df937d0\" data-element_type=\"widget\" data-widget_type=\"button.default\">\n\t\t\t\t<div class=\"elementor-widget-container\">\n\t\t\t\t\t\t\t\t\t<div class=\"elementor-button-wrapper\">\n\t\t\t\t\t<a class=\"elementor-button elementor-button-link elementor-size-sm\" href=\"https:\/\/apuseniair.ro\/en\/varful-bihor-cucurbata-mare\/\">\n\t\t\t\t\t\t<span class=\"elementor-button-content-wrapper\">\n\t\t\t\t\t\t<span class=\"elementor-button-icon\">\n\t\t\t\t<svg aria-hidden=\"true\" class=\"e-font-icon-svg e-fas-arrow-right\" viewbox=\"0 0 448 512\" xmlns=\"http:\/\/www.w3.org\/2000\/svg\"><path d=\"M190.5 66.9l22.2-22.2c9.4-9.4 24.6-9.4 33.9 0L441 239c9.4 9.4 9.4 24.6 0 33.9L246.6 467.3c-9.4 9.4-24.6 9.4-33.9 0l-22.2-22.2c-9.5-9.5-9.3-25 .4-34.3L311.4 296H24c-13.3 0-24-10.7-24-24v-32c0-13.3 10.7-24 24-24h287.4L190.9 101.2c-9.8-9.3-10-24.8-.4-34.3z\"><\/path><\/svg>\t\t\t<\/span>\n\t\t\t\t\t\t\t\t<\/span>\n\t\t\t\t\t<\/a>\n\t\t\t\t<\/div>\n\t\t\t\t\t\t\t\t<\/div>\n\t\t\t\t<\/div>\n\t\t\t\t<\/div>\n\t\t\t\t<\/div>\n\t\t<div class=\"elementor-element elementor-element-102c6df0 e-con-full e-flex e-con e-child\" data-id=\"102c6df0\" data-element_type=\"container\">\n\t\t\t\t<div class=\"elementor-element elementor-element-46b76278 elementor-widget elementor-widget-text-editor\" data-id=\"46b76278\" data-element_type=\"widget\" data-widget_type=\"text-editor.default\">\n\t\t\t\t<div class=\"elementor-widget-container\">\n\t\t\t\t\t\t\t\t\t<p><b>Ski Slope<\/b><b> de <\/b><b>schi<\/b> <b>V\u00e2rtop<\/b><b> \u2013 <\/b><b>Winter<\/b> <b>Fun<\/b> <b>in<\/b> <b>the Heart<\/b> <b>of the Apuseni Mountains<\/b> <b>Apuseni<br \/><\/b>Located near the localities of Arie\u0219eni and Nucet, on the border between Alba and Bihor counties, V\u00e2rtop Ski Slope is one of the most popular winter destinations in the Apuseni Mountains.<\/p><p><b>Useful information about the slope:<\/b><br \/>Two equipped ski slopes:<br \/>V\u00e2rtop 1 \u2013 approximately 1,000 m long, easy to intermediate level<br \/>V\u00e2rtop 2 \u2013 approximately 430 m long, ideal for beginners<br \/>Modern ski lift and teleski, ensuring quick and efficient access<br \/>Abundant natural snow in winter, complemented by artificial snow systems<br \/>Night skiing available \u2013 enjoy magical evening descents under the lights<br \/>Certified instructors \u2013 perfect for first-time skiers or snowboarders<\/p><p><b>Other winter activities:<\/b><br \/>Sledding and tubing for children<br \/>Snowboarding and freestyle zones<br \/>Mountain caf\u00e9s and restaurants where you can warm up with tea, mulled wine, or local dishes<br \/>Equipment rental available on-site (skis, boots, snowboards, helmets, etc.)<\/p><p><b>Location &amp; Access:<\/b><br \/>The V\u00e2rtop Ski Slope is located between Arie\u0219eni (Alba County) and V\u00e2rtop (Bihor County)<br \/>Easy access by car via DN75 (asphalted and winter-accessible road)<br \/>Approximately 40\u201350 minutes by car from the M\u0103ti\u0219e\u0219ti \u2013 Apuseni Air area<\/p><p><b>Recommendations for visitors:<\/b><br \/>Check the slope conditions before departure (Facebook or local weather sites)<br \/>Wear proper ski gear (including goggles and helmet)<br \/>In winter, make sure your car has snow tires and chains in case of heavy snowfall<\/p><p><!-- \/wp:paragraph --><\/p>\t\t\t\t\t\t\t\t<\/div>\n\t\t\t\t<\/div>\n\t\t\t\t<div class=\"elementor-element elementor-element-7082e70b animated-fast elementor-invisible elementor-widget elementor-widget-uxper-elementor-button\" data-id=\"7082e70b\" data-element_type=\"widget\" data-settings=\"{&quot;_animation&quot;:&quot;uxperFadeInUp&quot;}\" data-widget_type=\"uxper-elementor-button.default\">\n\t\t\t\t<div class=\"elementor-widget-container\">\n\t\t\t\t\t\t\t<div class=\"ue-modern-button\">\r\n\t\t\t\t\t<div class=\"uxper-ele-button-wrapper\">\r\n\t\t\t<a class=\"uxper-ele-button  style-border\" href=\"https:\/\/maps.app.goo.gl\/1w7Co2WKkwzYz4TR8\" target=\"_blank\">\t\t\t<div class=\"button-content-wrapper\">\r\n\t\t\t\t\r\n\t\t\t\t\t\t\t\t\t<span class=\"button-text\">ROUTE INFORMATION<\/span>\r\n\t\t\t\t\r\n\t\t\t\t\t\t\t<\/div>\r\n\t\t\t<\/a>\t\t<\/div>\r\n\t\t\t\t<\/div>\r\n\t\t\t\t<\/div>\n\t\t\t\t<\/div>\n\t\t\t\t<\/div>\n\t\t\t\t\t<\/div>\n\t\t\t\t<\/div>\n\t\t<div class=\"elementor-element elementor-element-121677f8 e-flex e-con-boxed e-con e-parent\" data-id=\"121677f8\" data-element_type=\"container\">\n\t\t\t\t\t<div class=\"e-con-inner\">\n\t\t\t\t<div class=\"elementor-element elementor-element-560eac62 elementor-widget elementor-widget-google_maps\" data-id=\"560eac62\" data-element_type=\"widget\" data-widget_type=\"google_maps.default\">\n\t\t\t\t<div class=\"elementor-widget-container\">\n\t\t\t\t\t\t\t<div class=\"elementor-custom-embed\">\n\t\t\t<iframe loading=\"lazy\"\n\t\t\t\t\tsrc=\"https:\/\/maps.google.com\/maps?q=V%C3%A2rtop%20Ski%20Slope%2C%20V%C3%A2rtop&#038;t=m&#038;z=13&#038;output=embed&#038;iwloc=near\"\n\t\t\t\t\ttitle=\"V\u00e2rtop Ski Slope, V\u00e2rtop\"\n\t\t\t\t\taria-label=\"V\u00e2rtop Ski Slope, V\u00e2rtop\"\n\t\t\t><\/iframe>\n\t\t<\/div>\n\t\t\t\t\t\t<\/div>\n\t\t\t\t<\/div>\n\t\t\t\t\t<\/div>\n\t\t\t\t<\/div>\n\t\t<div class=\"elementor-element elementor-element-b5ac8eb e-grid e-con-full elementor-hidden-desktop elementor-hidden-tablet e-con e-child\" data-id=\"b5ac8eb\" data-element_type=\"container\">\n\t\t\t\t<div class=\"elementor-element elementor-element-7a956c8 elementor-align-left elementor-widget elementor-widget-button\" data-id=\"7a956c8\" data-element_type=\"widget\" data-widget_type=\"button.default\">\n\t\t\t\t<div class=\"elementor-widget-container\">\n\t\t\t\t\t\t\t\t\t<div class=\"elementor-button-wrapper\">\n\t\t\t\t\t<a class=\"elementor-button elementor-button-link elementor-size-sm\" href=\"https:\/\/apuseniair.ro\/en\/lacul-belis\/\">\n\t\t\t\t\t\t<span class=\"elementor-button-content-wrapper\">\n\t\t\t\t\t\t<span class=\"elementor-button-icon\">\n\t\t\t\t<svg aria-hidden=\"true\" class=\"e-font-icon-svg e-fas-arrow-left\" viewbox=\"0 0 448 512\" xmlns=\"http:\/\/www.w3.org\/2000\/svg\"><path d=\"M257.5 445.1l-22.2 22.2c-9.4 9.4-24.6 9.4-33.9 0L7 273c-9.4-9.4-9.4-24.6 0-33.9L201.4 44.7c9.4-9.4 24.6-9.4 33.9 0l22.2 22.2c9.5 9.5 9.3 25-.4 34.3L136.6 216H424c13.3 0 24 10.7 24 24v32c0 13.3-10.7 24-24 24H136.6l120.5 114.8c9.8 9.3 10 24.8.4 34.3z\"><\/path><\/svg>\t\t\t<\/span>\n\t\t\t\t\t\t\t\t<\/span>\n\t\t\t\t\t<\/a>\n\t\t\t\t<\/div>\n\t\t\t\t\t\t\t\t<\/div>\n\t\t\t\t<\/div>\n\t\t\t\t<div class=\"elementor-element elementor-element-8aa1088 elementor-align-right elementor-widget elementor-widget-button\" data-id=\"8aa1088\" data-element_type=\"widget\" data-widget_type=\"button.default\">\n\t\t\t\t<div class=\"elementor-widget-container\">\n\t\t\t\t\t\t\t\t\t<div class=\"elementor-button-wrapper\">\n\t\t\t\t\t<a class=\"elementor-button elementor-button-link elementor-size-sm\" href=\"https:\/\/apuseniair.ro\/en\/varful-bihor-cucurbata-mare\/\">\n\t\t\t\t\t\t<span class=\"elementor-button-content-wrapper\">\n\t\t\t\t\t\t<span class=\"elementor-button-icon\">\n\t\t\t\t<svg aria-hidden=\"true\" class=\"e-font-icon-svg e-fas-arrow-right\" viewbox=\"0 0 448 512\" xmlns=\"http:\/\/www.w3.org\/2000\/svg\"><path d=\"M190.5 66.9l22.2-22.2c9.4-9.4 24.6-9.4 33.9 0L441 239c9.4 9.4 9.4 24.6 0 33.9L246.6 467.3c-9.4 9.4-24.6 9.4-33.9 0l-22.2-22.2c-9.5-9.5-9.3-25 .4-34.3L311.4 296H24c-13.3 0-24-10.7-24-24v-32c0-13.3 10.7-24 24-24h287.4L190.9 101.2c-9.8-9.3-10-24.8-.4-34.3z\"><\/path><\/svg>\t\t\t<\/span>\n\t\t\t\t\t\t\t\t<\/span>\n\t\t\t\t\t<\/a>\n\t\t\t\t<\/div>\n\t\t\t\t\t\t\t\t<\/div>\n\t\t\t\t<\/div>\n\t\t\t\t<\/div>\n\t\t<div class=\"elementor-element elementor-element-aa7d103 e-flex e-con-boxed e-con e-parent\" data-id=\"aa7d103\" data-element_type=\"container\">\n\t\t\t\t\t<div class=\"e-con-inner\">\n\t\t\t\t<div class=\"elementor-element elementor-element-5e9f40a elementor-arrows-position-inside elementor-pagination-position-outside elementor-widget elementor-widget-image-carousel\" data-id=\"5e9f40a\" data-element_type=\"widget\" data-settings=\"{&quot;slides_to_show&quot;:&quot;3&quot;,&quot;slides_to_show_mobile&quot;:&quot;1&quot;,&quot;image_spacing_custom&quot;:{&quot;unit&quot;:&quot;px&quot;,&quot;size&quot;:64,&quot;sizes&quot;:[]},&quot;navigation&quot;:&quot;both&quot;,&quot;autoplay&quot;:&quot;yes&quot;,&quot;pause_on_hover&quot;:&quot;yes&quot;,&quot;pause_on_interaction&quot;:&quot;yes&quot;,&quot;autoplay_speed&quot;:5000,&quot;infinite&quot;:&quot;yes&quot;,&quot;speed&quot;:500,&quot;image_spacing_custom_tablet&quot;:{&quot;unit&quot;:&quot;px&quot;,&quot;size&quot;:&quot;&quot;,&quot;sizes&quot;:[]}}\" data-widget_type=\"image-carousel.default\">\n\t\t\t\t<div class=\"elementor-widget-container\">\n\t\t\t\t\t\t\t<div class=\"elementor-image-carousel-wrapper swiper\" role=\"region\" aria-roledescription=\"carousel\" aria-label=\"A carousel of images\" dir=\"ltr\">\n\t\t\t<div class=\"elementor-image-carousel swiper-wrapper\" aria-live=\"off\">\n\t\t\t\t\t\t\t\t<div class=\"swiper-slide\" role=\"group\" aria-roledescription=\"slide\" aria-label=\"1 of 4\" data-no-translation-aria-label=\"\"><figure class=\"swiper-slide-inner\"><img decoding=\"async\" class=\"swiper-slide-image\" src=\"https:\/\/apuseniair.ro\/wp-content\/uploads\/2025\/07\/BLOG-BANNER-PARTIA-VARTOP.jpg\" alt=\"BLOG-BANNER-PARTIA-VARTOP\" \/><\/figure><\/div><div class=\"swiper-slide\" role=\"group\" aria-roledescription=\"slide\" aria-label=\"2 of 4\" data-no-translation-aria-label=\"\"><figure class=\"swiper-slide-inner\"><img decoding=\"async\" class=\"swiper-slide-image\" src=\"https:\/\/apuseniair.ro\/wp-content\/uploads\/2025\/07\/Arieseni1.jpg\" alt=\"Arieseni1\" \/><\/figure><\/div><div class=\"swiper-slide\" role=\"group\" aria-roledescription=\"slide\" aria-label=\"3 of 4\" data-no-translation-aria-label=\"\"><figure class=\"swiper-slide-inner\"><img decoding=\"async\" class=\"swiper-slide-image\" src=\"https:\/\/apuseniair.ro\/wp-content\/uploads\/2025\/07\/schi2.jpg\" alt=\"schi2\" \/><\/figure><\/div><div class=\"swiper-slide\" role=\"group\" aria-roledescription=\"slide\" aria-label=\"4 of 4\" data-no-translation-aria-label=\"\"><figure class=\"swiper-slide-inner\"><img decoding=\"async\" class=\"swiper-slide-image\" src=\"https:\/\/apuseniair.ro\/wp-content\/uploads\/2025\/07\/Partie_teleschi_Vartop_1_Nocturna__1_-11-800-600-80-e1753704173779.jpg\" alt=\"Partie_teleschi_Vartop_1_Nocturna__1_-11-800-600-80\" \/><\/figure><\/div>\t\t\t<\/div>\n\t\t\t\t\t\t\t\t\t\t\t\t<div class=\"elementor-swiper-button elementor-swiper-button-prev\" role=\"button\" tabindex=\"0\">\n\t\t\t\t\t\t<svg aria-hidden=\"true\" class=\"e-font-icon-svg e-eicon-chevron-left\" viewbox=\"0 0 1000 1000\" xmlns=\"http:\/\/www.w3.org\/2000\/svg\"><path d=\"M646 125C629 125 613 133 604 142L308 442C296 454 292 471 292 487 292 504 296 521 308 533L604 854C617 867 629 875 646 875 663 875 679 871 692 858 704 846 713 829 713 812 713 796 708 779 692 767L438 487 692 225C700 217 708 204 708 187 708 171 704 154 692 142 675 129 663 125 646 125Z\"><\/path><\/svg>\t\t\t\t\t<\/div>\n\t\t\t\t\t<div class=\"elementor-swiper-button elementor-swiper-button-next\" role=\"button\" tabindex=\"0\">\n\t\t\t\t\t\t<svg aria-hidden=\"true\" class=\"e-font-icon-svg e-eicon-chevron-right\" viewbox=\"0 0 1000 1000\" xmlns=\"http:\/\/www.w3.org\/2000\/svg\"><path d=\"M696 533C708 521 713 504 713 487 713 471 708 454 696 446L400 146C388 133 375 125 354 125 338 125 325 129 313 142 300 154 292 171 292 187 292 204 296 221 308 233L563 492 304 771C292 783 288 800 288 817 288 833 296 850 308 863 321 871 338 875 354 875 371 875 388 867 400 854L696 533Z\"><\/path><\/svg>\t\t\t\t\t<\/div>\n\t\t\t\t\n\t\t\t\t\t\t\t\t\t<div class=\"swiper-pagination\"><\/div>\n\t\t\t\t\t\t\t\t\t<\/div>\n\t\t\t\t\t\t<\/div>\n\t\t\t\t<\/div>\n\t\t\t\t\t<\/div>\n\t\t\t\t<\/div>\n\t\t\t\t<\/div>","protected":false},"excerpt":{"rendered":"<p>P\u00e2rtia de schi V\u00e2rtop \u2013 Iarn\u0103 activ\u0103 \u00een inima Mun\u021bilor ApuseniSituat\u0103 \u00een apropierea localit\u0103\u021bilor Arie\u0219eni \u0219i Nucet, la grani\u021ba jude\u021belor Alba \u0219i Bihor, P\u00e2rtia V\u00e2rtop este una dintre cele mai populare destina\u021bii de iarn\u0103 din Mun\u021bii Apuseni. Informa\u021bii utile despre p\u00e2rtie:Dou\u0103 p\u00e2rtii amenajate:V\u00e2rtop 1 \u2013 ~1.000 m lungime, nivel u\u0219or-medie.V\u00e2rtop 2 \u2013 ~430 m lungime, [&hellip;]<\/p>","protected":false},"author":1,"featured_media":0,"parent":0,"menu_order":0,"comment_status":"closed","ping_status":"closed","template":"","meta":{"footnotes":""},"class_list":["post-5906","page","type-page","status-publish","hentry","post-no-thumbnail"],"yoast_head":"<!-- This site is optimized with the Yoast SEO plugin v26.4 - https:\/\/yoast.com\/wordpress\/plugins\/seo\/ -->\n<title>P\u00e2rtia de schi V\u00e2rtop - APUSENI AIR<\/title>\n<meta name=\"description\" content=\"P\u00e2rtia de schi V\u00e2rtop \u2013 Iarn\u0103 activ\u0103 \u00een inima Mun\u021bilor ApuseniSituat\u0103 \u00een apropierea localit\u0103\u021bilor Arie\u0219eni \u0219i Nucet, la grani\u021ba jude\u021belor Alba \u0219i Bihor,\" \/>\n<meta name=\"robots\" content=\"index, follow, max-snippet:-1, max-image-preview:large, max-video-preview:-1\" \/>\n<link rel=\"canonical\" href=\"https:\/\/apuseniair.ro\/en\/partia-de-schi-vartop\/\" \/>\n<meta property=\"og:locale\" content=\"en_US\" \/>\n<meta property=\"og:type\" content=\"article\" \/>\n<meta property=\"og:title\" content=\"P\u00e2rtia de schi V\u00e2rtop - APUSENI AIR\" \/>\n<meta property=\"og:description\" content=\"P\u00e2rtia de schi V\u00e2rtop \u2013 Iarn\u0103 activ\u0103 \u00een inima Mun\u021bilor ApuseniSituat\u0103 \u00een apropierea localit\u0103\u021bilor Arie\u0219eni \u0219i Nucet, la grani\u021ba jude\u021belor Alba \u0219i Bihor,\" \/>\n<meta property=\"og:url\" content=\"https:\/\/apuseniair.ro\/en\/partia-de-schi-vartop\/\" \/>\n<meta property=\"og:site_name\" content=\"APUSENI AIR\" \/>\n<meta property=\"article:modified_time\" content=\"2025-10-28T13:04:14+00:00\" \/>\n<meta property=\"og:image\" content=\"https:\/\/apuseniair.ro\/wp-content\/uploads\/2025\/06\/329107337_741170560633198_3433216895328209284_n-e1751022845777.jpg\" \/>\n\t<meta property=\"og:image:width\" content=\"540\" \/>\n\t<meta property=\"og:image:height\" content=\"862\" \/>\n\t<meta property=\"og:image:type\" content=\"image\/jpeg\" \/>\n<meta name=\"twitter:card\" content=\"summary_large_image\" \/>\n<meta name=\"twitter:label1\" content=\"Est. reading time\" \/>\n\t<meta name=\"twitter:data1\" content=\"1 minute\" \/>\n<script type=\"application\/ld+json\" class=\"yoast-schema-graph\">{\"@context\":\"https:\/\/schema.org\",\"@graph\":[{\"@type\":\"WebPage\",\"@id\":\"https:\/\/apuseniair.ro\/partia-de-schi-vartop\/\",\"url\":\"https:\/\/apuseniair.ro\/partia-de-schi-vartop\/\",\"name\":\"P\u00e2rtia de schi V\u00e2rtop - APUSENI AIR\",\"isPartOf\":{\"@id\":\"https:\/\/apuseniair.ro\/#website\"},\"primaryImageOfPage\":{\"@id\":\"https:\/\/apuseniair.ro\/partia-de-schi-vartop\/#primaryimage\"},\"image\":{\"@id\":\"https:\/\/apuseniair.ro\/partia-de-schi-vartop\/#primaryimage\"},\"thumbnailUrl\":\"https:\/\/apuseniair.ro\/wp-content\/uploads\/2025\/06\/329107337_741170560633198_3433216895328209284_n-e1751022845777.jpg\",\"datePublished\":\"2025-07-15T08:06:38+00:00\",\"dateModified\":\"2025-10-28T13:04:14+00:00\",\"description\":\"P\u00e2rtia de schi V\u00e2rtop \u2013 Iarn\u0103 activ\u0103 \u00een inima Mun\u021bilor ApuseniSituat\u0103 \u00een apropierea localit\u0103\u021bilor Arie\u0219eni \u0219i Nucet, la grani\u021ba jude\u021belor Alba \u0219i Bihor,\",\"breadcrumb\":{\"@id\":\"https:\/\/apuseniair.ro\/partia-de-schi-vartop\/#breadcrumb\"},\"inLanguage\":\"en-US\",\"potentialAction\":[{\"@type\":\"ReadAction\",\"target\":[\"https:\/\/apuseniair.ro\/partia-de-schi-vartop\/\"]}]},{\"@type\":\"ImageObject\",\"inLanguage\":\"en-US\",\"@id\":\"https:\/\/apuseniair.ro\/partia-de-schi-vartop\/#primaryimage\",\"url\":\"https:\/\/apuseniair.ro\/wp-content\/uploads\/2025\/06\/329107337_741170560633198_3433216895328209284_n-e1751022845777.jpg\",\"contentUrl\":\"https:\/\/apuseniair.ro\/wp-content\/uploads\/2025\/06\/329107337_741170560633198_3433216895328209284_n-e1751022845777.jpg\"},{\"@type\":\"BreadcrumbList\",\"@id\":\"https:\/\/apuseniair.ro\/partia-de-schi-vartop\/#breadcrumb\",\"itemListElement\":[{\"@type\":\"ListItem\",\"position\":1,\"name\":\"Prima pagin\u0103\",\"item\":\"https:\/\/apuseniair.ro\/\"},{\"@type\":\"ListItem\",\"position\":2,\"name\":\"P\u00e2rtia de schi V\u00e2rtop\"}]},{\"@type\":\"WebSite\",\"@id\":\"https:\/\/apuseniair.ro\/#website\",\"url\":\"https:\/\/apuseniair.ro\/\",\"name\":\"APUSENI AIR\",\"description\":\"Hotel Booking\",\"potentialAction\":[{\"@type\":\"SearchAction\",\"target\":{\"@type\":\"EntryPoint\",\"urlTemplate\":\"https:\/\/apuseniair.ro\/?s={search_term_string}\"},\"query-input\":{\"@type\":\"PropertyValueSpecification\",\"valueRequired\":true,\"valueName\":\"search_term_string\"}}],\"inLanguage\":\"en-US\"}]}<\/script>\n<!-- \/ Yoast SEO plugin. -->","yoast_head_json":{"title":"P\u00e2rtia de schi V\u00e2rtop - APUSENI AIR","description":"P\u00e2rtia de schi V\u00e2rtop \u2013 Iarn\u0103 activ\u0103 \u00een inima Mun\u021bilor ApuseniSituat\u0103 \u00een apropierea localit\u0103\u021bilor Arie\u0219eni \u0219i Nucet, la grani\u021ba jude\u021belor Alba \u0219i Bihor,","robots":{"index":"index","follow":"follow","max-snippet":"max-snippet:-1","max-image-preview":"max-image-preview:large","max-video-preview":"max-video-preview:-1"},"canonical":"https:\/\/apuseniair.ro\/en\/partia-de-schi-vartop\/","og_locale":"en_US","og_type":"article","og_title":"P\u00e2rtia de schi V\u00e2rtop - APUSENI AIR","og_description":"P\u00e2rtia de schi V\u00e2rtop \u2013 Iarn\u0103 activ\u0103 \u00een inima Mun\u021bilor ApuseniSituat\u0103 \u00een apropierea localit\u0103\u021bilor Arie\u0219eni \u0219i Nucet, la grani\u021ba jude\u021belor Alba \u0219i Bihor,","og_url":"https:\/\/apuseniair.ro\/en\/partia-de-schi-vartop\/","og_site_name":"APUSENI AIR","article_modified_time":"2025-10-28T13:04:14+00:00","og_image":[{"width":540,"height":862,"url":"https:\/\/apuseniair.ro\/wp-content\/uploads\/2025\/06\/329107337_741170560633198_3433216895328209284_n-e1751022845777.jpg","type":"image\/jpeg"}],"twitter_card":"summary_large_image","twitter_misc":{"Est. reading time":"1 minute"},"schema":{"@context":"https:\/\/schema.org","@graph":[{"@type":"WebPage","@id":"https:\/\/apuseniair.ro\/partia-de-schi-vartop\/","url":"https:\/\/apuseniair.ro\/partia-de-schi-vartop\/","name":"P\u00e2rtia de schi V\u00e2rtop - APUSENI AIR","isPartOf":{"@id":"https:\/\/apuseniair.ro\/#website"},"primaryImageOfPage":{"@id":"https:\/\/apuseniair.ro\/partia-de-schi-vartop\/#primaryimage"},"image":{"@id":"https:\/\/apuseniair.ro\/partia-de-schi-vartop\/#primaryimage"},"thumbnailUrl":"https:\/\/apuseniair.ro\/wp-content\/uploads\/2025\/06\/329107337_741170560633198_3433216895328209284_n-e1751022845777.jpg","datePublished":"2025-07-15T08:06:38+00:00","dateModified":"2025-10-28T13:04:14+00:00","description":"P\u00e2rtia de schi V\u00e2rtop \u2013 Iarn\u0103 activ\u0103 \u00een inima Mun\u021bilor ApuseniSituat\u0103 \u00een apropierea localit\u0103\u021bilor Arie\u0219eni \u0219i Nucet, la grani\u021ba jude\u021belor Alba \u0219i Bihor,","breadcrumb":{"@id":"https:\/\/apuseniair.ro\/partia-de-schi-vartop\/#breadcrumb"},"inLanguage":"en-US","potentialAction":[{"@type":"ReadAction","target":["https:\/\/apuseniair.ro\/partia-de-schi-vartop\/"]}]},{"@type":"ImageObject","inLanguage":"en-US","@id":"https:\/\/apuseniair.ro\/partia-de-schi-vartop\/#primaryimage","url":"https:\/\/apuseniair.ro\/wp-content\/uploads\/2025\/06\/329107337_741170560633198_3433216895328209284_n-e1751022845777.jpg","contentUrl":"https:\/\/apuseniair.ro\/wp-content\/uploads\/2025\/06\/329107337_741170560633198_3433216895328209284_n-e1751022845777.jpg"},{"@type":"BreadcrumbList","@id":"https:\/\/apuseniair.ro\/partia-de-schi-vartop\/#breadcrumb","itemListElement":[{"@type":"ListItem","position":1,"name":"Prima pagin\u0103","item":"https:\/\/apuseniair.ro\/"},{"@type":"ListItem","position":2,"name":"P\u00e2rtia de schi V\u00e2rtop"}]},{"@type":"WebSite","@id":"https:\/\/apuseniair.ro\/#website","url":"https:\/\/apuseniair.ro\/","name":"APUSENI AIR","description":"Hotel Booking","potentialAction":[{"@type":"SearchAction","target":{"@type":"EntryPoint","urlTemplate":"https:\/\/apuseniair.ro\/?s={search_term_string}"},"query-input":{"@type":"PropertyValueSpecification","valueRequired":true,"valueName":"search_term_string"}}],"inLanguage":"en-US"}]}},"_links":{"self":[{"href":"https:\/\/apuseniair.ro\/en\/wp-json\/wp\/v2\/pages\/5906","targetHints":{"allow":["GET"]}}],"collection":[{"href":"https:\/\/apuseniair.ro\/en\/wp-json\/wp\/v2\/pages"}],"about":[{"href":"https:\/\/apuseniair.ro\/en\/wp-json\/wp\/v2\/types\/page"}],"author":[{"embeddable":true,"href":"https:\/\/apuseniair.ro\/en\/wp-json\/wp\/v2\/users\/1"}],"replies":[{"embeddable":true,"href":"https:\/\/apuseniair.ro\/en\/wp-json\/wp\/v2\/comments?post=5906"}],"version-history":[{"count":25,"href":"https:\/\/apuseniair.ro\/en\/wp-json\/wp\/v2\/pages\/5906\/revisions"}],"predecessor-version":[{"id":6732,"href":"https:\/\/apuseniair.ro\/en\/wp-json\/wp\/v2\/pages\/5906\/revisions\/6732"}],"wp:attachment":[{"href":"https:\/\/apuseniair.ro\/en\/wp-json\/wp\/v2\/media?parent=5906"}],"curies":[{"name":"wp","href":"https:\/\/api.w.org\/{rel}","templated":true}]}}