{"id":5894,"date":"2025-07-15T07:58:05","date_gmt":"2025-07-15T07:58:05","guid":{"rendered":"https:\/\/cabane-apuseni.fastapp.ro\/?page_id=5894"},"modified":"2025-10-28T13:00:57","modified_gmt":"2025-10-28T13:00:57","slug":"cascada-pisoaia-dealul-cu-melci","status":"publish","type":"page","link":"https:\/\/apuseniair.ro\/en\/cascada-pisoaia-dealul-cu-melci\/","title":{"rendered":"Pisoaia waterfall &amp; \"Dealul cu Melci\""},"content":{"rendered":"<div data-elementor-type=\"wp-page\" data-elementor-id=\"5894\" class=\"elementor elementor-5894\">\n\t\t\t\t<div class=\"elementor-element elementor-element-495d88b1 e-flex e-con-boxed e-con e-parent\" data-id=\"495d88b1\" data-element_type=\"container\">\n\t\t\t\t\t<div class=\"e-con-inner\">\n\t\t<div class=\"elementor-element elementor-element-28904327 e-con-full e-flex e-con e-child\" data-id=\"28904327\" data-element_type=\"container\">\n\t\t\t\t<div class=\"elementor-element elementor-element-158f58bf elementor-widget elementor-widget-image\" data-id=\"158f58bf\" data-element_type=\"widget\" data-widget_type=\"image.default\">\n\t\t\t\t<div class=\"elementor-widget-container\">\n\t\t\t\t\t\t\t\t\t\t\t\t\t\t\t<img fetchpriority=\"high\" decoding=\"async\" width=\"696\" height=\"1024\" src=\"https:\/\/apuseniair.ro\/wp-content\/uploads\/2025\/06\/1624-e1751022136602-696x1024.jpg\" class=\"attachment-large size-large wp-image-5620\" alt=\"\" srcset=\"https:\/\/apuseniair.ro\/wp-content\/uploads\/2025\/06\/1624-e1751022136602-696x1024.jpg 696w, https:\/\/apuseniair.ro\/wp-content\/uploads\/2025\/06\/1624-e1751022136602-204x300.jpg 204w, https:\/\/apuseniair.ro\/wp-content\/uploads\/2025\/06\/1624-e1751022136602-8x12.jpg 8w, https:\/\/apuseniair.ro\/wp-content\/uploads\/2025\/06\/1624-e1751022136602.jpg 750w\" sizes=\"(max-width: 696px) 100vw, 696px\" \/>\t\t\t\t\t\t\t\t\t\t\t\t\t\t\t<\/div>\n\t\t\t\t<\/div>\n\t\t<div class=\"elementor-element elementor-element-1e49af2 e-grid e-con-full elementor-hidden-tablet e-con e-child\" data-id=\"1e49af2\" data-element_type=\"container\">\n\t\t\t\t<div class=\"elementor-element elementor-element-8bb459a elementor-align-left elementor-widget elementor-widget-button\" data-id=\"8bb459a\" data-element_type=\"widget\" data-widget_type=\"button.default\">\n\t\t\t\t<div class=\"elementor-widget-container\">\n\t\t\t\t\t\t\t\t\t<div class=\"elementor-button-wrapper\">\n\t\t\t\t\t<a class=\"elementor-button elementor-button-link elementor-size-sm\" href=\"https:\/\/apuseniair.ro\/en\/drumetie-la-pestera-scarisoara\/\">\n\t\t\t\t\t\t<span class=\"elementor-button-content-wrapper\">\n\t\t\t\t\t\t<span class=\"elementor-button-icon\">\n\t\t\t\t<svg aria-hidden=\"true\" class=\"e-font-icon-svg e-fas-arrow-left\" viewbox=\"0 0 448 512\" xmlns=\"http:\/\/www.w3.org\/2000\/svg\"><path d=\"M257.5 445.1l-22.2 22.2c-9.4 9.4-24.6 9.4-33.9 0L7 273c-9.4-9.4-9.4-24.6 0-33.9L201.4 44.7c9.4-9.4 24.6-9.4 33.9 0l22.2 22.2c9.5 9.5 9.3 25-.4 34.3L136.6 216H424c13.3 0 24 10.7 24 24v32c0 13.3-10.7 24-24 24H136.6l120.5 114.8c9.8 9.3 10 24.8.4 34.3z\"><\/path><\/svg>\t\t\t<\/span>\n\t\t\t\t\t\t\t\t<\/span>\n\t\t\t\t\t<\/a>\n\t\t\t\t<\/div>\n\t\t\t\t\t\t\t\t<\/div>\n\t\t\t\t<\/div>\n\t\t\t\t<div class=\"elementor-element elementor-element-ba3ba85 elementor-align-right elementor-widget elementor-widget-button\" data-id=\"ba3ba85\" data-element_type=\"widget\" data-widget_type=\"button.default\">\n\t\t\t\t<div class=\"elementor-widget-container\">\n\t\t\t\t\t\t\t\t\t<div class=\"elementor-button-wrapper\">\n\t\t\t\t\t<a class=\"elementor-button elementor-button-link elementor-size-sm\" href=\"https:\/\/apuseniair.ro\/en\/lacul-belis\/\">\n\t\t\t\t\t\t<span class=\"elementor-button-content-wrapper\">\n\t\t\t\t\t\t<span class=\"elementor-button-icon\">\n\t\t\t\t<svg aria-hidden=\"true\" class=\"e-font-icon-svg e-fas-arrow-right\" viewbox=\"0 0 448 512\" xmlns=\"http:\/\/www.w3.org\/2000\/svg\"><path d=\"M190.5 66.9l22.2-22.2c9.4-9.4 24.6-9.4 33.9 0L441 239c9.4 9.4 9.4 24.6 0 33.9L246.6 467.3c-9.4 9.4-24.6 9.4-33.9 0l-22.2-22.2c-9.5-9.5-9.3-25 .4-34.3L311.4 296H24c-13.3 0-24-10.7-24-24v-32c0-13.3 10.7-24 24-24h287.4L190.9 101.2c-9.8-9.3-10-24.8-.4-34.3z\"><\/path><\/svg>\t\t\t<\/span>\n\t\t\t\t\t\t\t\t<\/span>\n\t\t\t\t\t<\/a>\n\t\t\t\t<\/div>\n\t\t\t\t\t\t\t\t<\/div>\n\t\t\t\t<\/div>\n\t\t\t\t<\/div>\n\t\t\t\t<\/div>\n\t\t<div class=\"elementor-element elementor-element-7609fbe1 e-con-full e-flex e-con e-child\" data-id=\"7609fbe1\" data-element_type=\"container\">\n\t\t\t\t<div class=\"elementor-element elementor-element-67992e17 elementor-widget elementor-widget-text-editor\" data-id=\"67992e17\" data-element_type=\"widget\" data-widget_type=\"text-editor.default\">\n\t\t\t\t<div class=\"elementor-widget-container\">\n\t\t\t\t\t\t\t\t\t<p>Pi\u0219oaia Waterfall &amp; \"Dealul cu Melci\" \u2013 Water, Fossils, and Legend in One Place\u00a0<\/p>\n<p><b>Distance: 43 miles<\/b><\/p>\n<p><!-- \/wp:paragraph -->\n\n<!-- wp:paragraph --><\/p>\n<p>Just a few kilometers from Vidra commune, in the heart of the Apuseni Mountains, lie two of the most spectacular natural attractions in the area: Dealul cu Melci (Snail Hill) \u2013 a unique paleontological reserve in Romania, and Pi\u0219oaia Waterfall \u2013 one of the most beautiful waterfalls in the Apuseni.<\/p>\n<p>These two sites are located very close to each other and can easily be visited in a single half-day trip.<\/p>\n<p>Only about 300 meters from Dealul cu Melci, Pi\u0219oaia Waterfall impresses visitors with an 18-meter drop over a travertine wall covered in green moss and rock plants. It is one of the most photogenic waterfalls in the Apuseni Mountains, offering a perfect natural setting for relaxation and reconnection with nature.<\/p>\n<p><b>Why it\u2019s worth visiting:<\/b><br \/>Easy access via a marked trail<br \/>An ideal location for photography<br \/>Enjoy the calming sound of water in a fairytale-like landscape<\/p>\n<p><b>Recommendations for visitors:<\/b><br>Wear hiking shoes (the trail can be slippery after rain)\nBring water and snacks for a peaceful break in nature<\/p>\n<p><!-- \/wp:paragraph --><\/p>\t\t\t\t\t\t\t\t<\/div>\n\t\t\t\t<\/div>\n\t\t\t\t<div class=\"elementor-element elementor-element-3fac2844 animated-fast elementor-invisible elementor-widget elementor-widget-uxper-elementor-button\" data-id=\"3fac2844\" data-element_type=\"widget\" data-settings=\"{&quot;_animation&quot;:&quot;uxperFadeInUp&quot;}\" data-widget_type=\"uxper-elementor-button.default\">\n\t\t\t\t<div class=\"elementor-widget-container\">\n\t\t\t\t\t\t\t<div class=\"ue-modern-button\">\r\n\t\t\t\t\t<div class=\"uxper-ele-button-wrapper\">\r\n\t\t\t<a class=\"uxper-ele-button  style-border\" href=\"https:\/\/maps.app.goo.gl\/MbEYE5eoJBTmJCeg8\" target=\"_blank\">\t\t\t<div class=\"button-content-wrapper\">\r\n\t\t\t\t\r\n\t\t\t\t\t\t\t\t\t<span class=\"button-text\">ROUTE INFORMATION<\/span>\r\n\t\t\t\t\r\n\t\t\t\t\t\t\t<\/div>\r\n\t\t\t<\/a>\t\t<\/div>\r\n\t\t\t\t<\/div>\r\n\t\t\t\t<\/div>\n\t\t\t\t<\/div>\n\t\t\t\t<\/div>\n\t\t\t\t\t<\/div>\n\t\t\t\t<\/div>\n\t\t<div class=\"elementor-element elementor-element-266e367b e-flex e-con-boxed e-con e-parent\" data-id=\"266e367b\" data-element_type=\"container\">\n\t\t\t\t\t<div class=\"e-con-inner\">\n\t\t\t\t<div class=\"elementor-element elementor-element-48937911 elementor-widget elementor-widget-google_maps\" data-id=\"48937911\" data-element_type=\"widget\" data-widget_type=\"google_maps.default\">\n\t\t\t\t<div class=\"elementor-widget-container\">\n\t\t\t\t\t\t\t<div class=\"elementor-custom-embed\">\n\t\t\t<iframe loading=\"lazy\"\n\t\t\t\t\tsrc=\"https:\/\/maps.google.com\/maps?q=Cascada%20Pi%C8%99oaia%2C%20DJ762%2C%20Neme%C8%99i%20517854&#038;t=m&#038;z=13&#038;output=embed&#038;iwloc=near\"\n\t\t\t\t\ttitle=\"Pisoaia waterfall, DJ762, Neme\u0219i 517854\"\n\t\t\t\t\taria-label=\"Pisoaia waterfall, DJ762, Neme\u0219i 517854\"\n\t\t\t><\/iframe>\n\t\t<\/div>\n\t\t\t\t\t\t<\/div>\n\t\t\t\t<\/div>\n\t\t\t\t\t<\/div>\n\t\t\t\t<\/div>\n\t\t<div class=\"elementor-element elementor-element-af83c2a e-grid e-con-full elementor-hidden-desktop elementor-hidden-tablet e-con e-child\" data-id=\"af83c2a\" data-element_type=\"container\">\n\t\t\t\t<div class=\"elementor-element elementor-element-c828c12 elementor-align-left elementor-widget elementor-widget-button\" data-id=\"c828c12\" data-element_type=\"widget\" data-widget_type=\"button.default\">\n\t\t\t\t<div class=\"elementor-widget-container\">\n\t\t\t\t\t\t\t\t\t<div class=\"elementor-button-wrapper\">\n\t\t\t\t\t<a class=\"elementor-button elementor-button-link elementor-size-sm\" href=\"https:\/\/apuseniair.ro\/en\/drumetie-la-pestera-scarisoara\/\">\n\t\t\t\t\t\t<span class=\"elementor-button-content-wrapper\">\n\t\t\t\t\t\t<span class=\"elementor-button-icon\">\n\t\t\t\t<svg aria-hidden=\"true\" class=\"e-font-icon-svg e-fas-arrow-left\" viewbox=\"0 0 448 512\" xmlns=\"http:\/\/www.w3.org\/2000\/svg\"><path d=\"M257.5 445.1l-22.2 22.2c-9.4 9.4-24.6 9.4-33.9 0L7 273c-9.4-9.4-9.4-24.6 0-33.9L201.4 44.7c9.4-9.4 24.6-9.4 33.9 0l22.2 22.2c9.5 9.5 9.3 25-.4 34.3L136.6 216H424c13.3 0 24 10.7 24 24v32c0 13.3-10.7 24-24 24H136.6l120.5 114.8c9.8 9.3 10 24.8.4 34.3z\"><\/path><\/svg>\t\t\t<\/span>\n\t\t\t\t\t\t\t\t<\/span>\n\t\t\t\t\t<\/a>\n\t\t\t\t<\/div>\n\t\t\t\t\t\t\t\t<\/div>\n\t\t\t\t<\/div>\n\t\t\t\t<div class=\"elementor-element elementor-element-c1c3114 elementor-align-right elementor-widget elementor-widget-button\" data-id=\"c1c3114\" data-element_type=\"widget\" data-widget_type=\"button.default\">\n\t\t\t\t<div class=\"elementor-widget-container\">\n\t\t\t\t\t\t\t\t\t<div class=\"elementor-button-wrapper\">\n\t\t\t\t\t<a class=\"elementor-button elementor-button-link elementor-size-sm\" href=\"https:\/\/apuseniair.ro\/en\/lacul-belis\/\">\n\t\t\t\t\t\t<span class=\"elementor-button-content-wrapper\">\n\t\t\t\t\t\t<span class=\"elementor-button-icon\">\n\t\t\t\t<svg aria-hidden=\"true\" class=\"e-font-icon-svg e-fas-arrow-right\" viewbox=\"0 0 448 512\" xmlns=\"http:\/\/www.w3.org\/2000\/svg\"><path d=\"M190.5 66.9l22.2-22.2c9.4-9.4 24.6-9.4 33.9 0L441 239c9.4 9.4 9.4 24.6 0 33.9L246.6 467.3c-9.4 9.4-24.6 9.4-33.9 0l-22.2-22.2c-9.5-9.5-9.3-25 .4-34.3L311.4 296H24c-13.3 0-24-10.7-24-24v-32c0-13.3 10.7-24 24-24h287.4L190.9 101.2c-9.8-9.3-10-24.8-.4-34.3z\"><\/path><\/svg>\t\t\t<\/span>\n\t\t\t\t\t\t\t\t<\/span>\n\t\t\t\t\t<\/a>\n\t\t\t\t<\/div>\n\t\t\t\t\t\t\t\t<\/div>\n\t\t\t\t<\/div>\n\t\t\t\t<\/div>\n\t\t<div class=\"elementor-element elementor-element-b4a0f7e e-flex e-con-boxed e-con e-parent\" data-id=\"b4a0f7e\" data-element_type=\"container\">\n\t\t\t\t\t<div class=\"e-con-inner\">\n\t\t\t\t<div class=\"elementor-element elementor-element-00053ef elementor-arrows-position-inside elementor-pagination-position-outside elementor-widget elementor-widget-image-carousel\" data-id=\"00053ef\" data-element_type=\"widget\" data-settings=\"{&quot;slides_to_show&quot;:&quot;3&quot;,&quot;slides_to_show_mobile&quot;:&quot;1&quot;,&quot;image_spacing_custom&quot;:{&quot;unit&quot;:&quot;px&quot;,&quot;size&quot;:64,&quot;sizes&quot;:[]},&quot;navigation&quot;:&quot;both&quot;,&quot;autoplay&quot;:&quot;yes&quot;,&quot;pause_on_hover&quot;:&quot;yes&quot;,&quot;pause_on_interaction&quot;:&quot;yes&quot;,&quot;autoplay_speed&quot;:5000,&quot;infinite&quot;:&quot;yes&quot;,&quot;speed&quot;:500,&quot;image_spacing_custom_tablet&quot;:{&quot;unit&quot;:&quot;px&quot;,&quot;size&quot;:&quot;&quot;,&quot;sizes&quot;:[]}}\" data-widget_type=\"image-carousel.default\">\n\t\t\t\t<div class=\"elementor-widget-container\">\n\t\t\t\t\t\t\t<div class=\"elementor-image-carousel-wrapper swiper\" role=\"region\" aria-roledescription=\"carousel\" aria-label=\"A carousel of images\" dir=\"ltr\">\n\t\t\t<div class=\"elementor-image-carousel swiper-wrapper\" aria-live=\"off\">\n\t\t\t\t\t\t\t\t<div class=\"swiper-slide\" role=\"group\" aria-roledescription=\"slide\" aria-label=\"1 din 4\"><figure class=\"swiper-slide-inner\"><img decoding=\"async\" class=\"swiper-slide-image\" src=\"https:\/\/apuseniair.ro\/wp-content\/uploads\/2025\/07\/Cascada-Pisoaia-20110127162725.avif\" alt=\"Cascada-Pisoaia-20110127162725\" \/><\/figure><\/div><div class=\"swiper-slide\" role=\"group\" aria-roledescription=\"slide\" aria-label=\"2 din 4\"><figure class=\"swiper-slide-inner\"><img decoding=\"async\" class=\"swiper-slide-image\" src=\"https:\/\/apuseniair.ro\/wp-content\/uploads\/2025\/07\/9199_97533_9-e1753703697790.jpg\" alt=\"9199_97533_9\" \/><\/figure><\/div><div class=\"swiper-slide\" role=\"group\" aria-roledescription=\"slide\" aria-label=\"3 din 4\"><figure class=\"swiper-slide-inner\"><img decoding=\"async\" class=\"swiper-slide-image\" src=\"https:\/\/apuseniair.ro\/wp-content\/uploads\/2025\/07\/dealulCuMelci-e1753703633917.jpg\" alt=\"dealulCuMelci\" \/><\/figure><\/div><div class=\"swiper-slide\" role=\"group\" aria-roledescription=\"slide\" aria-label=\"4 din 4\"><figure class=\"swiper-slide-inner\"><img decoding=\"async\" class=\"swiper-slide-image\" src=\"https:\/\/apuseniair.ro\/wp-content\/uploads\/2025\/06\/1624-e1751022136602.jpg\" alt=\"1624\" \/><\/figure><\/div>\t\t\t<\/div>\n\t\t\t\t\t\t\t\t\t\t\t\t<div class=\"elementor-swiper-button elementor-swiper-button-prev\" role=\"button\" tabindex=\"0\">\n\t\t\t\t\t\t<svg aria-hidden=\"true\" class=\"e-font-icon-svg e-eicon-chevron-left\" viewbox=\"0 0 1000 1000\" xmlns=\"http:\/\/www.w3.org\/2000\/svg\"><path d=\"M646 125C629 125 613 133 604 142L308 442C296 454 292 471 292 487 292 504 296 521 308 533L604 854C617 867 629 875 646 875 663 875 679 871 692 858 704 846 713 829 713 812 713 796 708 779 692 767L438 487 692 225C700 217 708 204 708 187 708 171 704 154 692 142 675 129 663 125 646 125Z\"><\/path><\/svg>\t\t\t\t\t<\/div>\n\t\t\t\t\t<div class=\"elementor-swiper-button elementor-swiper-button-next\" role=\"button\" tabindex=\"0\">\n\t\t\t\t\t\t<svg aria-hidden=\"true\" class=\"e-font-icon-svg e-eicon-chevron-right\" viewbox=\"0 0 1000 1000\" xmlns=\"http:\/\/www.w3.org\/2000\/svg\"><path d=\"M696 533C708 521 713 504 713 487 713 471 708 454 696 446L400 146C388 133 375 125 354 125 338 125 325 129 313 142 300 154 292 171 292 187 292 204 296 221 308 233L563 492 304 771C292 783 288 800 288 817 288 833 296 850 308 863 321 871 338 875 354 875 371 875 388 867 400 854L696 533Z\"><\/path><\/svg>\t\t\t\t\t<\/div>\n\t\t\t\t\n\t\t\t\t\t\t\t\t\t<div class=\"swiper-pagination\"><\/div>\n\t\t\t\t\t\t\t\t\t<\/div>\n\t\t\t\t\t\t<\/div>\n\t\t\t\t<\/div>\n\t\t\t\t\t<\/div>\n\t\t\t\t<\/div>\n\t\t\t\t<\/div>","protected":false},"excerpt":{"rendered":"<p>Cascada Pi\u0219oaia &amp; Dealul cu Melci- Ap\u0103, fosile \u0219i legend\u0103 \u00een acela\u0219i loc\u00a0 Distan\u021b\u0103: 43 km La doar c\u00e2\u021biva kilometri de comuna Vidra, \u00een inima Mun\u021bilor Apuseni, se afl\u0103 dou\u0103 dintre cele mai spectaculoase atrac\u021bii naturale din zon\u0103: Dealul cu Melci \u2013 o rezerva\u021bie paleontologic\u0103 unic\u0103 \u00een Rom\u00e2nia, \u0219i Cascada Pi\u0219oaia \u2013 una dintre cele [&hellip;]<\/p>","protected":false},"author":1,"featured_media":0,"parent":0,"menu_order":0,"comment_status":"closed","ping_status":"closed","template":"","meta":{"footnotes":""},"class_list":["post-5894","page","type-page","status-publish","hentry","post-no-thumbnail"],"yoast_head":"<!-- This site is optimized with the Yoast SEO plugin v26.4 - https:\/\/yoast.com\/wordpress\/plugins\/seo\/ -->\n<title>Cascada Pi\u0219oaia &amp; Dealul cu Melci - APUSENI AIR<\/title>\n<meta name=\"description\" content=\"Cascada Pi\u0219oaia &amp; Dealul cu Melci- Ap\u0103, fosile \u0219i legend\u0103 \u00een acela\u0219i loc\u00a0 Distan\u021b\u0103: 43 km La doar c\u00e2\u021biva kilometri de comuna Vidra, \u00een inima Mun\u021bilor\" \/>\n<meta name=\"robots\" content=\"index, follow, max-snippet:-1, max-image-preview:large, max-video-preview:-1\" \/>\n<link rel=\"canonical\" href=\"https:\/\/apuseniair.ro\/en\/cascada-pisoaia-dealul-cu-melci\/\" \/>\n<meta property=\"og:locale\" content=\"en_US\" \/>\n<meta property=\"og:type\" content=\"article\" \/>\n<meta property=\"og:title\" content=\"Cascada Pi\u0219oaia &amp; Dealul cu Melci - APUSENI AIR\" \/>\n<meta property=\"og:description\" content=\"Cascada Pi\u0219oaia &amp; Dealul cu Melci- Ap\u0103, fosile \u0219i legend\u0103 \u00een acela\u0219i loc\u00a0 Distan\u021b\u0103: 43 km La doar c\u00e2\u021biva kilometri de comuna Vidra, \u00een inima Mun\u021bilor\" \/>\n<meta property=\"og:url\" content=\"https:\/\/apuseniair.ro\/en\/cascada-pisoaia-dealul-cu-melci\/\" \/>\n<meta property=\"og:site_name\" content=\"APUSENI AIR\" \/>\n<meta property=\"article:modified_time\" content=\"2025-10-28T13:00:57+00:00\" \/>\n<meta property=\"og:image\" content=\"https:\/\/apuseniair.ro\/wp-content\/uploads\/2025\/06\/1624-e1751022136602.jpg\" \/>\n\t<meta property=\"og:image:width\" content=\"750\" \/>\n\t<meta property=\"og:image:height\" content=\"1104\" \/>\n\t<meta property=\"og:image:type\" content=\"image\/jpeg\" \/>\n<meta name=\"twitter:card\" content=\"summary_large_image\" \/>\n<meta name=\"twitter:label1\" content=\"Est. reading time\" \/>\n\t<meta name=\"twitter:data1\" content=\"1 minute\" \/>\n<script type=\"application\/ld+json\" class=\"yoast-schema-graph\">{\"@context\":\"https:\/\/schema.org\",\"@graph\":[{\"@type\":\"WebPage\",\"@id\":\"https:\/\/apuseniair.ro\/cascada-pisoaia-dealul-cu-melci\/\",\"url\":\"https:\/\/apuseniair.ro\/cascada-pisoaia-dealul-cu-melci\/\",\"name\":\"Cascada Pi\u0219oaia &amp; Dealul cu Melci - APUSENI AIR\",\"isPartOf\":{\"@id\":\"https:\/\/apuseniair.ro\/#website\"},\"primaryImageOfPage\":{\"@id\":\"https:\/\/apuseniair.ro\/cascada-pisoaia-dealul-cu-melci\/#primaryimage\"},\"image\":{\"@id\":\"https:\/\/apuseniair.ro\/cascada-pisoaia-dealul-cu-melci\/#primaryimage\"},\"thumbnailUrl\":\"https:\/\/apuseniair.ro\/wp-content\/uploads\/2025\/06\/1624-e1751022136602-696x1024.jpg\",\"datePublished\":\"2025-07-15T07:58:05+00:00\",\"dateModified\":\"2025-10-28T13:00:57+00:00\",\"description\":\"Cascada Pi\u0219oaia &amp; Dealul cu Melci- Ap\u0103, fosile \u0219i legend\u0103 \u00een acela\u0219i loc\u00a0 Distan\u021b\u0103: 43 km La doar c\u00e2\u021biva kilometri de comuna Vidra, \u00een inima Mun\u021bilor\",\"breadcrumb\":{\"@id\":\"https:\/\/apuseniair.ro\/cascada-pisoaia-dealul-cu-melci\/#breadcrumb\"},\"inLanguage\":\"en-US\",\"potentialAction\":[{\"@type\":\"ReadAction\",\"target\":[\"https:\/\/apuseniair.ro\/cascada-pisoaia-dealul-cu-melci\/\"]}]},{\"@type\":\"ImageObject\",\"inLanguage\":\"en-US\",\"@id\":\"https:\/\/apuseniair.ro\/cascada-pisoaia-dealul-cu-melci\/#primaryimage\",\"url\":\"https:\/\/apuseniair.ro\/wp-content\/uploads\/2025\/06\/1624-e1751022136602-696x1024.jpg\",\"contentUrl\":\"https:\/\/apuseniair.ro\/wp-content\/uploads\/2025\/06\/1624-e1751022136602-696x1024.jpg\"},{\"@type\":\"BreadcrumbList\",\"@id\":\"https:\/\/apuseniair.ro\/cascada-pisoaia-dealul-cu-melci\/#breadcrumb\",\"itemListElement\":[{\"@type\":\"ListItem\",\"position\":1,\"name\":\"Prima pagin\u0103\",\"item\":\"https:\/\/apuseniair.ro\/\"},{\"@type\":\"ListItem\",\"position\":2,\"name\":\"Cascada Pi\u0219oaia &amp; Dealul cu Melci\"}]},{\"@type\":\"WebSite\",\"@id\":\"https:\/\/apuseniair.ro\/#website\",\"url\":\"https:\/\/apuseniair.ro\/\",\"name\":\"APUSENI AIR\",\"description\":\"Hotel Booking\",\"potentialAction\":[{\"@type\":\"SearchAction\",\"target\":{\"@type\":\"EntryPoint\",\"urlTemplate\":\"https:\/\/apuseniair.ro\/?s={search_term_string}\"},\"query-input\":{\"@type\":\"PropertyValueSpecification\",\"valueRequired\":true,\"valueName\":\"search_term_string\"}}],\"inLanguage\":\"en-US\"}]}<\/script>\n<!-- \/ Yoast SEO plugin. -->","yoast_head_json":{"title":"Cascada Pi\u0219oaia &amp; Dealul cu Melci - APUSENI AIR","description":"Cascada Pi\u0219oaia &amp; Dealul cu Melci- Ap\u0103, fosile \u0219i legend\u0103 \u00een acela\u0219i loc\u00a0 Distan\u021b\u0103: 43 km La doar c\u00e2\u021biva kilometri de comuna Vidra, \u00een inima Mun\u021bilor","robots":{"index":"index","follow":"follow","max-snippet":"max-snippet:-1","max-image-preview":"max-image-preview:large","max-video-preview":"max-video-preview:-1"},"canonical":"https:\/\/apuseniair.ro\/en\/cascada-pisoaia-dealul-cu-melci\/","og_locale":"en_US","og_type":"article","og_title":"Cascada Pi\u0219oaia &amp; Dealul cu Melci - APUSENI AIR","og_description":"Cascada Pi\u0219oaia &amp; Dealul cu Melci- Ap\u0103, fosile \u0219i legend\u0103 \u00een acela\u0219i loc\u00a0 Distan\u021b\u0103: 43 km La doar c\u00e2\u021biva kilometri de comuna Vidra, \u00een inima Mun\u021bilor","og_url":"https:\/\/apuseniair.ro\/en\/cascada-pisoaia-dealul-cu-melci\/","og_site_name":"APUSENI AIR","article_modified_time":"2025-10-28T13:00:57+00:00","og_image":[{"width":750,"height":1104,"url":"https:\/\/apuseniair.ro\/wp-content\/uploads\/2025\/06\/1624-e1751022136602.jpg","type":"image\/jpeg"}],"twitter_card":"summary_large_image","twitter_misc":{"Est. reading time":"1 minute"},"schema":{"@context":"https:\/\/schema.org","@graph":[{"@type":"WebPage","@id":"https:\/\/apuseniair.ro\/cascada-pisoaia-dealul-cu-melci\/","url":"https:\/\/apuseniair.ro\/cascada-pisoaia-dealul-cu-melci\/","name":"Cascada Pi\u0219oaia &amp; Dealul cu Melci - APUSENI AIR","isPartOf":{"@id":"https:\/\/apuseniair.ro\/#website"},"primaryImageOfPage":{"@id":"https:\/\/apuseniair.ro\/cascada-pisoaia-dealul-cu-melci\/#primaryimage"},"image":{"@id":"https:\/\/apuseniair.ro\/cascada-pisoaia-dealul-cu-melci\/#primaryimage"},"thumbnailUrl":"https:\/\/apuseniair.ro\/wp-content\/uploads\/2025\/06\/1624-e1751022136602-696x1024.jpg","datePublished":"2025-07-15T07:58:05+00:00","dateModified":"2025-10-28T13:00:57+00:00","description":"Cascada Pi\u0219oaia &amp; Dealul cu Melci- Ap\u0103, fosile \u0219i legend\u0103 \u00een acela\u0219i loc\u00a0 Distan\u021b\u0103: 43 km La doar c\u00e2\u021biva kilometri de comuna Vidra, \u00een inima Mun\u021bilor","breadcrumb":{"@id":"https:\/\/apuseniair.ro\/cascada-pisoaia-dealul-cu-melci\/#breadcrumb"},"inLanguage":"en-US","potentialAction":[{"@type":"ReadAction","target":["https:\/\/apuseniair.ro\/cascada-pisoaia-dealul-cu-melci\/"]}]},{"@type":"ImageObject","inLanguage":"en-US","@id":"https:\/\/apuseniair.ro\/cascada-pisoaia-dealul-cu-melci\/#primaryimage","url":"https:\/\/apuseniair.ro\/wp-content\/uploads\/2025\/06\/1624-e1751022136602-696x1024.jpg","contentUrl":"https:\/\/apuseniair.ro\/wp-content\/uploads\/2025\/06\/1624-e1751022136602-696x1024.jpg"},{"@type":"BreadcrumbList","@id":"https:\/\/apuseniair.ro\/cascada-pisoaia-dealul-cu-melci\/#breadcrumb","itemListElement":[{"@type":"ListItem","position":1,"name":"Prima pagin\u0103","item":"https:\/\/apuseniair.ro\/"},{"@type":"ListItem","position":2,"name":"Cascada Pi\u0219oaia &amp; Dealul cu Melci"}]},{"@type":"WebSite","@id":"https:\/\/apuseniair.ro\/#website","url":"https:\/\/apuseniair.ro\/","name":"APUSENI AIR","description":"Hotel Booking","potentialAction":[{"@type":"SearchAction","target":{"@type":"EntryPoint","urlTemplate":"https:\/\/apuseniair.ro\/?s={search_term_string}"},"query-input":{"@type":"PropertyValueSpecification","valueRequired":true,"valueName":"search_term_string"}}],"inLanguage":"en-US"}]}},"_links":{"self":[{"href":"https:\/\/apuseniair.ro\/en\/wp-json\/wp\/v2\/pages\/5894","targetHints":{"allow":["GET"]}}],"collection":[{"href":"https:\/\/apuseniair.ro\/en\/wp-json\/wp\/v2\/pages"}],"about":[{"href":"https:\/\/apuseniair.ro\/en\/wp-json\/wp\/v2\/types\/page"}],"author":[{"embeddable":true,"href":"https:\/\/apuseniair.ro\/en\/wp-json\/wp\/v2\/users\/1"}],"replies":[{"embeddable":true,"href":"https:\/\/apuseniair.ro\/en\/wp-json\/wp\/v2\/comments?post=5894"}],"version-history":[{"count":34,"href":"https:\/\/apuseniair.ro\/en\/wp-json\/wp\/v2\/pages\/5894\/revisions"}],"predecessor-version":[{"id":6726,"href":"https:\/\/apuseniair.ro\/en\/wp-json\/wp\/v2\/pages\/5894\/revisions\/6726"}],"wp:attachment":[{"href":"https:\/\/apuseniair.ro\/en\/wp-json\/wp\/v2\/media?parent=5894"}],"curies":[{"name":"wp","href":"https:\/\/api.w.org\/{rel}","templated":true}]}}