{"id":5869,"date":"2025-07-15T07:20:28","date_gmt":"2025-07-15T07:20:28","guid":{"rendered":"https:\/\/cabane-apuseni.fastapp.ro\/?page_id=5869"},"modified":"2025-10-28T12:47:23","modified_gmt":"2025-10-28T12:47:23","slug":"casa-memoriala-horea","status":"publish","type":"page","link":"https:\/\/apuseniair.ro\/en\/casa-memoriala-horea\/","title":{"rendered":"The Horea Memorial House"},"content":{"rendered":"<div data-elementor-type=\"wp-page\" data-elementor-id=\"5869\" class=\"elementor elementor-5869\">\n\t\t\t\t<div class=\"elementor-element elementor-element-785bc93b e-flex e-con-boxed e-con e-parent\" data-id=\"785bc93b\" data-element_type=\"container\">\n\t\t\t\t\t<div class=\"e-con-inner\">\n\t\t<div class=\"elementor-element elementor-element-22cb5ac4 e-con-full e-flex e-con e-child\" data-id=\"22cb5ac4\" data-element_type=\"container\">\n\t\t\t\t<div class=\"elementor-element elementor-element-2cc7d410 elementor-widget elementor-widget-image\" data-id=\"2cc7d410\" data-element_type=\"widget\" data-widget_type=\"image.default\">\n\t\t\t\t<div class=\"elementor-widget-container\">\n\t\t\t\t\t\t\t\t\t\t\t\t\t\t\t<img fetchpriority=\"high\" decoding=\"async\" width=\"1024\" height=\"1024\" src=\"https:\/\/apuseniair.ro\/wp-content\/uploads\/2025\/06\/20220911_100850-e1751018436564-1024x1024.jpg\" class=\"attachment-large size-large wp-image-5608\" alt=\"\" srcset=\"https:\/\/apuseniair.ro\/wp-content\/uploads\/2025\/06\/20220911_100850-e1751018436564-1024x1024.jpg 1024w, https:\/\/apuseniair.ro\/wp-content\/uploads\/2025\/06\/20220911_100850-e1751018436564-300x300.jpg 300w, https:\/\/apuseniair.ro\/wp-content\/uploads\/2025\/06\/20220911_100850-e1751018436564-150x150.jpg 150w, https:\/\/apuseniair.ro\/wp-content\/uploads\/2025\/06\/20220911_100850-e1751018436564-768x768.jpg 768w, https:\/\/apuseniair.ro\/wp-content\/uploads\/2025\/06\/20220911_100850-e1751018436564-12x12.jpg 12w, https:\/\/apuseniair.ro\/wp-content\/uploads\/2025\/06\/20220911_100850-e1751018436564-600x600.jpg 600w, https:\/\/apuseniair.ro\/wp-content\/uploads\/2025\/06\/20220911_100850-e1751018436564-100x100.jpg 100w, https:\/\/apuseniair.ro\/wp-content\/uploads\/2025\/06\/20220911_100850-e1751018436564.jpg 1200w\" sizes=\"(max-width: 1024px) 100vw, 1024px\" \/>\t\t\t\t\t\t\t\t\t\t\t\t\t\t\t<\/div>\n\t\t\t\t<\/div>\n\t\t<div class=\"elementor-element elementor-element-51c64ec e-grid e-con-full elementor-hidden-tablet e-con e-child\" data-id=\"51c64ec\" data-element_type=\"container\">\n\t\t\t\t<div class=\"elementor-element elementor-element-738e16a elementor-align-left elementor-widget elementor-widget-button\" data-id=\"738e16a\" data-element_type=\"widget\" data-widget_type=\"button.default\">\n\t\t\t\t<div class=\"elementor-widget-container\">\n\t\t\t\t\t\t\t\t\t<div class=\"elementor-button-wrapper\">\n\t\t\t\t\t<a class=\"elementor-button elementor-button-link elementor-size-sm\" href=\"https:\/\/apuseniair.ro\/en\/varful-petreasa-cota-1600\/\">\n\t\t\t\t\t\t<span class=\"elementor-button-content-wrapper\">\n\t\t\t\t\t\t<span class=\"elementor-button-icon\">\n\t\t\t\t<svg aria-hidden=\"true\" class=\"e-font-icon-svg e-fas-arrow-left\" viewbox=\"0 0 448 512\" xmlns=\"http:\/\/www.w3.org\/2000\/svg\"><path d=\"M257.5 445.1l-22.2 22.2c-9.4 9.4-24.6 9.4-33.9 0L7 273c-9.4-9.4-9.4-24.6 0-33.9L201.4 44.7c9.4-9.4 24.6-9.4 33.9 0l22.2 22.2c9.5 9.5 9.3 25-.4 34.3L136.6 216H424c13.3 0 24 10.7 24 24v32c0 13.3-10.7 24-24 24H136.6l120.5 114.8c9.8 9.3 10 24.8.4 34.3z\"><\/path><\/svg>\t\t\t<\/span>\n\t\t\t\t\t\t\t\t<\/span>\n\t\t\t\t\t<\/a>\n\t\t\t\t<\/div>\n\t\t\t\t\t\t\t\t<\/div>\n\t\t\t\t<\/div>\n\t\t\t\t<div class=\"elementor-element elementor-element-62fb288 elementor-align-right elementor-widget elementor-widget-button\" data-id=\"62fb288\" data-element_type=\"widget\" data-widget_type=\"button.default\">\n\t\t\t\t<div class=\"elementor-widget-container\">\n\t\t\t\t\t\t\t\t\t<div class=\"elementor-button-wrapper\">\n\t\t\t\t\t<a class=\"elementor-button elementor-button-link elementor-size-sm\" href=\"https:\/\/apuseniair.ro\/en\/pestera-poarta-lui-ionele\/\">\n\t\t\t\t\t\t<span class=\"elementor-button-content-wrapper\">\n\t\t\t\t\t\t<span class=\"elementor-button-icon\">\n\t\t\t\t<svg aria-hidden=\"true\" class=\"e-font-icon-svg e-fas-arrow-right\" viewbox=\"0 0 448 512\" xmlns=\"http:\/\/www.w3.org\/2000\/svg\"><path d=\"M190.5 66.9l22.2-22.2c9.4-9.4 24.6-9.4 33.9 0L441 239c9.4 9.4 9.4 24.6 0 33.9L246.6 467.3c-9.4 9.4-24.6 9.4-33.9 0l-22.2-22.2c-9.5-9.5-9.3-25 .4-34.3L311.4 296H24c-13.3 0-24-10.7-24-24v-32c0-13.3 10.7-24 24-24h287.4L190.9 101.2c-9.8-9.3-10-24.8-.4-34.3z\"><\/path><\/svg>\t\t\t<\/span>\n\t\t\t\t\t\t\t\t<\/span>\n\t\t\t\t\t<\/a>\n\t\t\t\t<\/div>\n\t\t\t\t\t\t\t\t<\/div>\n\t\t\t\t<\/div>\n\t\t\t\t<\/div>\n\t\t\t\t<\/div>\n\t\t<div class=\"elementor-element elementor-element-7f12db98 e-con-full e-flex e-con e-child\" data-id=\"7f12db98\" data-element_type=\"container\">\n\t\t\t\t<div class=\"elementor-element elementor-element-38f3afb3 elementor-widget elementor-widget-text-editor\" data-id=\"38f3afb3\" data-element_type=\"widget\" data-widget_type=\"text-editor.default\">\n\t\t\t\t<div class=\"elementor-widget-container\">\n\t\t\t\t\t\t\t\t\t<p><b>Casa <\/b><b>Horea Memorial House \u2013<\/b><b> A historic <\/b><b>site<\/b> <b>dedicated to<\/b> <b>to the<\/b> <b>Mo\u021b hero<\/b><b>\u00a0 <\/b><\/p><p><b>Distance<\/b><b>: 13 km<\/b><\/p><p><!-- \/wp:paragraph --> <!-- wp:paragraph --><\/p><p>The Horea Memorial House in the village of Fericet, located just a few kilometers from M\u0103ti\u0219e\u0219ti, is a replica of the house where Horea, one of the leaders of the 1784 Uprising, was born. The traditional wooden house, featuring authentic objects and a legendary ash tree planted by Horea himself, takes you on a journey into the heart of Mo\u021be\u015fti history. The dreamlike landscapes surrounding the site complete the experience, making this an ideal place for those passionate about tradition, culture, and nature in the Apuseni Mountains.<\/p><p><!-- \/wp:paragraph --><\/p>\t\t\t\t\t\t\t\t<\/div>\n\t\t\t\t<\/div>\n\t\t\t\t<div class=\"elementor-element elementor-element-62ef4f88 animated-fast elementor-invisible elementor-widget elementor-widget-uxper-elementor-button\" data-id=\"62ef4f88\" data-element_type=\"widget\" data-settings=\"{&quot;_animation&quot;:&quot;uxperFadeInUp&quot;}\" data-widget_type=\"uxper-elementor-button.default\">\n\t\t\t\t<div class=\"elementor-widget-container\">\n\t\t\t\t\t\t\t<div class=\"ue-modern-button\">\r\n\t\t\t\t\t<div class=\"uxper-ele-button-wrapper\">\r\n\t\t\t<a class=\"uxper-ele-button  style-border\" href=\"https:\/\/maps.app.goo.gl\/vi8YFTof7LRSYGue9\" target=\"_blank\">\t\t\t<div class=\"button-content-wrapper\">\r\n\t\t\t\t\r\n\t\t\t\t\t\t\t\t\t<span class=\"button-text\">ROUTE INFORMATION<\/span>\r\n\t\t\t\t\r\n\t\t\t\t\t\t\t<\/div>\r\n\t\t\t<\/a>\t\t<\/div>\r\n\t\t\t\t<\/div>\r\n\t\t\t\t<\/div>\n\t\t\t\t<\/div>\n\t\t\t\t<\/div>\n\t\t\t\t\t<\/div>\n\t\t\t\t<\/div>\n\t\t<div class=\"elementor-element elementor-element-676db371 e-flex e-con-boxed e-con e-parent\" data-id=\"676db371\" data-element_type=\"container\">\n\t\t\t\t\t<div class=\"e-con-inner\">\n\t\t\t\t<div class=\"elementor-element elementor-element-7a10ce9f elementor-widget elementor-widget-google_maps\" data-id=\"7a10ce9f\" data-element_type=\"widget\" data-widget_type=\"google_maps.default\">\n\t\t\t\t<div class=\"elementor-widget-container\">\n\t\t\t\t\t\t\t<div class=\"elementor-custom-embed\">\n\t\t\t<iframe loading=\"lazy\"\n\t\t\t\t\tsrc=\"https:\/\/maps.google.com\/maps?q=Casa%20Memorial%C4%83%20Horea%2C%20Fericet%20517347&#038;t=m&#038;z=13&#038;output=embed&#038;iwloc=near\"\n\t\t\t\t\ttitle=\"The Memorial House Of Evil, Fericet 517347\"\n\t\t\t\t\taria-label=\"The Memorial House Of Evil, Fericet 517347\"\n\t\t\t><\/iframe>\n\t\t<\/div>\n\t\t\t\t\t\t<\/div>\n\t\t\t\t<\/div>\n\t\t\t\t\t<\/div>\n\t\t\t\t<\/div>\n\t\t<div class=\"elementor-element elementor-element-3c426a4 e-grid e-con-full elementor-hidden-desktop elementor-hidden-tablet e-con e-child\" data-id=\"3c426a4\" data-element_type=\"container\">\n\t\t\t\t<div class=\"elementor-element elementor-element-63b907d elementor-align-left elementor-widget elementor-widget-button\" data-id=\"63b907d\" data-element_type=\"widget\" data-widget_type=\"button.default\">\n\t\t\t\t<div class=\"elementor-widget-container\">\n\t\t\t\t\t\t\t\t\t<div class=\"elementor-button-wrapper\">\n\t\t\t\t\t<a class=\"elementor-button elementor-button-link elementor-size-sm\" href=\"https:\/\/apuseniair.ro\/en\/varful-petreasa-cota-1600\/\">\n\t\t\t\t\t\t<span class=\"elementor-button-content-wrapper\">\n\t\t\t\t\t\t<span class=\"elementor-button-icon\">\n\t\t\t\t<svg aria-hidden=\"true\" class=\"e-font-icon-svg e-fas-arrow-left\" viewbox=\"0 0 448 512\" xmlns=\"http:\/\/www.w3.org\/2000\/svg\"><path d=\"M257.5 445.1l-22.2 22.2c-9.4 9.4-24.6 9.4-33.9 0L7 273c-9.4-9.4-9.4-24.6 0-33.9L201.4 44.7c9.4-9.4 24.6-9.4 33.9 0l22.2 22.2c9.5 9.5 9.3 25-.4 34.3L136.6 216H424c13.3 0 24 10.7 24 24v32c0 13.3-10.7 24-24 24H136.6l120.5 114.8c9.8 9.3 10 24.8.4 34.3z\"><\/path><\/svg>\t\t\t<\/span>\n\t\t\t\t\t\t\t\t<\/span>\n\t\t\t\t\t<\/a>\n\t\t\t\t<\/div>\n\t\t\t\t\t\t\t\t<\/div>\n\t\t\t\t<\/div>\n\t\t\t\t<div class=\"elementor-element elementor-element-fdc3274 elementor-align-right elementor-widget elementor-widget-button\" data-id=\"fdc3274\" data-element_type=\"widget\" data-widget_type=\"button.default\">\n\t\t\t\t<div class=\"elementor-widget-container\">\n\t\t\t\t\t\t\t\t\t<div class=\"elementor-button-wrapper\">\n\t\t\t\t\t<a class=\"elementor-button elementor-button-link elementor-size-sm\" href=\"https:\/\/apuseniair.ro\/en\/pestera-poarta-lui-ionele\/\">\n\t\t\t\t\t\t<span class=\"elementor-button-content-wrapper\">\n\t\t\t\t\t\t<span class=\"elementor-button-icon\">\n\t\t\t\t<svg aria-hidden=\"true\" class=\"e-font-icon-svg e-fas-arrow-right\" viewbox=\"0 0 448 512\" xmlns=\"http:\/\/www.w3.org\/2000\/svg\"><path d=\"M190.5 66.9l22.2-22.2c9.4-9.4 24.6-9.4 33.9 0L441 239c9.4 9.4 9.4 24.6 0 33.9L246.6 467.3c-9.4 9.4-24.6 9.4-33.9 0l-22.2-22.2c-9.5-9.5-9.3-25 .4-34.3L311.4 296H24c-13.3 0-24-10.7-24-24v-32c0-13.3 10.7-24 24-24h287.4L190.9 101.2c-9.8-9.3-10-24.8-.4-34.3z\"><\/path><\/svg>\t\t\t<\/span>\n\t\t\t\t\t\t\t\t<\/span>\n\t\t\t\t\t<\/a>\n\t\t\t\t<\/div>\n\t\t\t\t\t\t\t\t<\/div>\n\t\t\t\t<\/div>\n\t\t\t\t<\/div>\n\t\t<div class=\"elementor-element elementor-element-2f50457 e-flex e-con-boxed e-con e-parent\" data-id=\"2f50457\" data-element_type=\"container\">\n\t\t\t\t\t<div class=\"e-con-inner\">\n\t\t\t\t<div class=\"elementor-element elementor-element-8abb6ff elementor-arrows-position-inside elementor-pagination-position-outside elementor-widget elementor-widget-image-carousel\" data-id=\"8abb6ff\" data-element_type=\"widget\" data-settings=\"{&quot;slides_to_show&quot;:&quot;3&quot;,&quot;slides_to_show_mobile&quot;:&quot;1&quot;,&quot;image_spacing_custom&quot;:{&quot;unit&quot;:&quot;px&quot;,&quot;size&quot;:64,&quot;sizes&quot;:[]},&quot;navigation&quot;:&quot;both&quot;,&quot;autoplay&quot;:&quot;yes&quot;,&quot;pause_on_hover&quot;:&quot;yes&quot;,&quot;pause_on_interaction&quot;:&quot;yes&quot;,&quot;autoplay_speed&quot;:5000,&quot;infinite&quot;:&quot;yes&quot;,&quot;speed&quot;:500,&quot;image_spacing_custom_tablet&quot;:{&quot;unit&quot;:&quot;px&quot;,&quot;size&quot;:&quot;&quot;,&quot;sizes&quot;:[]}}\" data-widget_type=\"image-carousel.default\">\n\t\t\t\t<div class=\"elementor-widget-container\">\n\t\t\t\t\t\t\t<div class=\"elementor-image-carousel-wrapper swiper\" role=\"region\" aria-roledescription=\"carousel\" aria-label=\"A carousel of images\" dir=\"ltr\">\n\t\t\t<div class=\"elementor-image-carousel swiper-wrapper\" aria-live=\"off\">\n\t\t\t\t\t\t\t\t<div class=\"swiper-slide\" role=\"group\" aria-roledescription=\"slide\" aria-label=\"1 of 3\" data-no-translation-aria-label=\"\"><figure class=\"swiper-slide-inner\"><img decoding=\"async\" class=\"swiper-slide-image\" src=\"https:\/\/apuseniair.ro\/wp-content\/uploads\/2025\/07\/Casa-HOREA.jpg\" alt=\"Casa-HOREA\" \/><\/figure><\/div><div class=\"swiper-slide\" role=\"group\" aria-roledescription=\"slide\" aria-label=\"2 of 3\" data-no-translation-aria-label=\"\"><figure class=\"swiper-slide-inner\"><img decoding=\"async\" class=\"swiper-slide-image\" src=\"https:\/\/apuseniair.ro\/wp-content\/uploads\/2025\/07\/Casa-Memoriala-Horea-05.jpg\" alt=\"Casa-Memoriala-Horea-05\" \/><\/figure><\/div><div class=\"swiper-slide\" role=\"group\" aria-roledescription=\"slide\" aria-label=\"3 of 3\" data-no-translation-aria-label=\"\"><figure class=\"swiper-slide-inner\"><img decoding=\"async\" class=\"swiper-slide-image\" src=\"https:\/\/apuseniair.ro\/wp-content\/uploads\/2025\/07\/Casa-memoriala-Horea-Muntii-Apuseni-Foto-Lavinia-Dragomir-6.jpg\" alt=\"Casa-memoriala-Horea-Muntii-Apuseni-Foto-Lavinia-Dragomir-6\" \/><\/figure><\/div>\t\t\t<\/div>\n\t\t\t\t\t\t\t\t\t\t\t\t<div class=\"elementor-swiper-button elementor-swiper-button-prev\" role=\"button\" tabindex=\"0\">\n\t\t\t\t\t\t<svg aria-hidden=\"true\" class=\"e-font-icon-svg e-eicon-chevron-left\" viewbox=\"0 0 1000 1000\" xmlns=\"http:\/\/www.w3.org\/2000\/svg\"><path d=\"M646 125C629 125 613 133 604 142L308 442C296 454 292 471 292 487 292 504 296 521 308 533L604 854C617 867 629 875 646 875 663 875 679 871 692 858 704 846 713 829 713 812 713 796 708 779 692 767L438 487 692 225C700 217 708 204 708 187 708 171 704 154 692 142 675 129 663 125 646 125Z\"><\/path><\/svg>\t\t\t\t\t<\/div>\n\t\t\t\t\t<div class=\"elementor-swiper-button elementor-swiper-button-next\" role=\"button\" tabindex=\"0\">\n\t\t\t\t\t\t<svg aria-hidden=\"true\" class=\"e-font-icon-svg e-eicon-chevron-right\" viewbox=\"0 0 1000 1000\" xmlns=\"http:\/\/www.w3.org\/2000\/svg\"><path d=\"M696 533C708 521 713 504 713 487 713 471 708 454 696 446L400 146C388 133 375 125 354 125 338 125 325 129 313 142 300 154 292 171 292 187 292 204 296 221 308 233L563 492 304 771C292 783 288 800 288 817 288 833 296 850 308 863 321 871 338 875 354 875 371 875 388 867 400 854L696 533Z\"><\/path><\/svg>\t\t\t\t\t<\/div>\n\t\t\t\t\n\t\t\t\t\t\t\t\t\t<div class=\"swiper-pagination\"><\/div>\n\t\t\t\t\t\t\t\t\t<\/div>\n\t\t\t\t\t\t<\/div>\n\t\t\t\t<\/div>\n\t\t\t\t\t<\/div>\n\t\t\t\t<\/div>\n\t\t\t\t<\/div>","protected":false},"excerpt":{"rendered":"<p>Casa Memorial\u0103 Horea- Loc istoric dedicat eroului mo\u021b\u00a0 Distan\u021b\u0103: 13 km Casa Memorial\u0103 Horea din satul Fericet, aflat\u0103 la doar c\u00e2\u021biva kilometri de M\u0103ti\u0219e\u0219ti, este o replic\u0103 a casei \u00een care s-a n\u0103scut Horea, unul dintre liderii R\u0103scoalei de la 1784. Casa tradi\u021bional\u0103 din lemn, cu obiecte autentice \u0219i un frasin legendar plantat de Horea, [&hellip;]<\/p>","protected":false},"author":1,"featured_media":0,"parent":0,"menu_order":0,"comment_status":"closed","ping_status":"closed","template":"","meta":{"footnotes":""},"class_list":["post-5869","page","type-page","status-publish","hentry","post-no-thumbnail"],"yoast_head":"<!-- This site is optimized with the Yoast SEO plugin v26.4 - https:\/\/yoast.com\/wordpress\/plugins\/seo\/ -->\n<title>Casa Memorial\u0103 Horea - APUSENI AIR<\/title>\n<meta name=\"description\" content=\"Casa Memorial\u0103 Horea- Loc istoric dedicat eroului mo\u021b\u00a0 Distan\u021b\u0103: 13 km Casa Memorial\u0103 Horea din satul Fericet, aflat\u0103 la doar c\u00e2\u021biva kilometri de\" \/>\n<meta name=\"robots\" content=\"index, follow, max-snippet:-1, max-image-preview:large, max-video-preview:-1\" \/>\n<link rel=\"canonical\" href=\"https:\/\/apuseniair.ro\/en\/casa-memoriala-horea\/\" \/>\n<meta property=\"og:locale\" content=\"en_US\" \/>\n<meta property=\"og:type\" content=\"article\" \/>\n<meta property=\"og:title\" content=\"Casa Memorial\u0103 Horea - APUSENI AIR\" \/>\n<meta property=\"og:description\" content=\"Casa Memorial\u0103 Horea- Loc istoric dedicat eroului mo\u021b\u00a0 Distan\u021b\u0103: 13 km Casa Memorial\u0103 Horea din satul Fericet, aflat\u0103 la doar c\u00e2\u021biva kilometri de\" \/>\n<meta property=\"og:url\" content=\"https:\/\/apuseniair.ro\/en\/casa-memoriala-horea\/\" \/>\n<meta property=\"og:site_name\" content=\"APUSENI AIR\" \/>\n<meta property=\"article:modified_time\" content=\"2025-10-28T12:47:23+00:00\" \/>\n<meta property=\"og:image\" content=\"https:\/\/apuseniair.ro\/wp-content\/uploads\/2025\/06\/20220911_100850-e1751018436564.jpg\" \/>\n\t<meta property=\"og:image:width\" content=\"1200\" \/>\n\t<meta property=\"og:image:height\" content=\"1200\" \/>\n\t<meta property=\"og:image:type\" content=\"image\/jpeg\" \/>\n<meta name=\"twitter:card\" content=\"summary_large_image\" \/>\n<meta name=\"twitter:label1\" content=\"Est. reading time\" \/>\n\t<meta name=\"twitter:data1\" content=\"1 minute\" \/>\n<script type=\"application\/ld+json\" class=\"yoast-schema-graph\">{\"@context\":\"https:\/\/schema.org\",\"@graph\":[{\"@type\":\"WebPage\",\"@id\":\"https:\/\/apuseniair.ro\/casa-memoriala-horea\/\",\"url\":\"https:\/\/apuseniair.ro\/casa-memoriala-horea\/\",\"name\":\"Casa Memorial\u0103 Horea - APUSENI AIR\",\"isPartOf\":{\"@id\":\"https:\/\/apuseniair.ro\/#website\"},\"primaryImageOfPage\":{\"@id\":\"https:\/\/apuseniair.ro\/casa-memoriala-horea\/#primaryimage\"},\"image\":{\"@id\":\"https:\/\/apuseniair.ro\/casa-memoriala-horea\/#primaryimage\"},\"thumbnailUrl\":\"https:\/\/apuseniair.ro\/wp-content\/uploads\/2025\/06\/20220911_100850-e1751018436564-1024x1024.jpg\",\"datePublished\":\"2025-07-15T07:20:28+00:00\",\"dateModified\":\"2025-10-28T12:47:23+00:00\",\"description\":\"Casa Memorial\u0103 Horea- Loc istoric dedicat eroului mo\u021b\u00a0 Distan\u021b\u0103: 13 km Casa Memorial\u0103 Horea din satul Fericet, aflat\u0103 la doar c\u00e2\u021biva kilometri de\",\"breadcrumb\":{\"@id\":\"https:\/\/apuseniair.ro\/casa-memoriala-horea\/#breadcrumb\"},\"inLanguage\":\"en-US\",\"potentialAction\":[{\"@type\":\"ReadAction\",\"target\":[\"https:\/\/apuseniair.ro\/casa-memoriala-horea\/\"]}]},{\"@type\":\"ImageObject\",\"inLanguage\":\"en-US\",\"@id\":\"https:\/\/apuseniair.ro\/casa-memoriala-horea\/#primaryimage\",\"url\":\"https:\/\/apuseniair.ro\/wp-content\/uploads\/2025\/06\/20220911_100850-e1751018436564-1024x1024.jpg\",\"contentUrl\":\"https:\/\/apuseniair.ro\/wp-content\/uploads\/2025\/06\/20220911_100850-e1751018436564-1024x1024.jpg\"},{\"@type\":\"BreadcrumbList\",\"@id\":\"https:\/\/apuseniair.ro\/casa-memoriala-horea\/#breadcrumb\",\"itemListElement\":[{\"@type\":\"ListItem\",\"position\":1,\"name\":\"Prima pagin\u0103\",\"item\":\"https:\/\/apuseniair.ro\/\"},{\"@type\":\"ListItem\",\"position\":2,\"name\":\"Casa Memorial\u0103 Horea\"}]},{\"@type\":\"WebSite\",\"@id\":\"https:\/\/apuseniair.ro\/#website\",\"url\":\"https:\/\/apuseniair.ro\/\",\"name\":\"APUSENI AIR\",\"description\":\"Hotel Booking\",\"potentialAction\":[{\"@type\":\"SearchAction\",\"target\":{\"@type\":\"EntryPoint\",\"urlTemplate\":\"https:\/\/apuseniair.ro\/?s={search_term_string}\"},\"query-input\":{\"@type\":\"PropertyValueSpecification\",\"valueRequired\":true,\"valueName\":\"search_term_string\"}}],\"inLanguage\":\"en-US\"}]}<\/script>\n<!-- \/ Yoast SEO plugin. -->","yoast_head_json":{"title":"Casa Memorial\u0103 Horea - APUSENI AIR","description":"Casa Memorial\u0103 Horea- Loc istoric dedicat eroului mo\u021b\u00a0 Distan\u021b\u0103: 13 km Casa Memorial\u0103 Horea din satul Fericet, aflat\u0103 la doar c\u00e2\u021biva kilometri de","robots":{"index":"index","follow":"follow","max-snippet":"max-snippet:-1","max-image-preview":"max-image-preview:large","max-video-preview":"max-video-preview:-1"},"canonical":"https:\/\/apuseniair.ro\/en\/casa-memoriala-horea\/","og_locale":"en_US","og_type":"article","og_title":"Casa Memorial\u0103 Horea - APUSENI AIR","og_description":"Casa Memorial\u0103 Horea- Loc istoric dedicat eroului mo\u021b\u00a0 Distan\u021b\u0103: 13 km Casa Memorial\u0103 Horea din satul Fericet, aflat\u0103 la doar c\u00e2\u021biva kilometri de","og_url":"https:\/\/apuseniair.ro\/en\/casa-memoriala-horea\/","og_site_name":"APUSENI AIR","article_modified_time":"2025-10-28T12:47:23+00:00","og_image":[{"width":1200,"height":1200,"url":"https:\/\/apuseniair.ro\/wp-content\/uploads\/2025\/06\/20220911_100850-e1751018436564.jpg","type":"image\/jpeg"}],"twitter_card":"summary_large_image","twitter_misc":{"Est. reading time":"1 minute"},"schema":{"@context":"https:\/\/schema.org","@graph":[{"@type":"WebPage","@id":"https:\/\/apuseniair.ro\/casa-memoriala-horea\/","url":"https:\/\/apuseniair.ro\/casa-memoriala-horea\/","name":"Casa Memorial\u0103 Horea - APUSENI AIR","isPartOf":{"@id":"https:\/\/apuseniair.ro\/#website"},"primaryImageOfPage":{"@id":"https:\/\/apuseniair.ro\/casa-memoriala-horea\/#primaryimage"},"image":{"@id":"https:\/\/apuseniair.ro\/casa-memoriala-horea\/#primaryimage"},"thumbnailUrl":"https:\/\/apuseniair.ro\/wp-content\/uploads\/2025\/06\/20220911_100850-e1751018436564-1024x1024.jpg","datePublished":"2025-07-15T07:20:28+00:00","dateModified":"2025-10-28T12:47:23+00:00","description":"Casa Memorial\u0103 Horea- Loc istoric dedicat eroului mo\u021b\u00a0 Distan\u021b\u0103: 13 km Casa Memorial\u0103 Horea din satul Fericet, aflat\u0103 la doar c\u00e2\u021biva kilometri de","breadcrumb":{"@id":"https:\/\/apuseniair.ro\/casa-memoriala-horea\/#breadcrumb"},"inLanguage":"en-US","potentialAction":[{"@type":"ReadAction","target":["https:\/\/apuseniair.ro\/casa-memoriala-horea\/"]}]},{"@type":"ImageObject","inLanguage":"en-US","@id":"https:\/\/apuseniair.ro\/casa-memoriala-horea\/#primaryimage","url":"https:\/\/apuseniair.ro\/wp-content\/uploads\/2025\/06\/20220911_100850-e1751018436564-1024x1024.jpg","contentUrl":"https:\/\/apuseniair.ro\/wp-content\/uploads\/2025\/06\/20220911_100850-e1751018436564-1024x1024.jpg"},{"@type":"BreadcrumbList","@id":"https:\/\/apuseniair.ro\/casa-memoriala-horea\/#breadcrumb","itemListElement":[{"@type":"ListItem","position":1,"name":"Prima pagin\u0103","item":"https:\/\/apuseniair.ro\/"},{"@type":"ListItem","position":2,"name":"Casa Memorial\u0103 Horea"}]},{"@type":"WebSite","@id":"https:\/\/apuseniair.ro\/#website","url":"https:\/\/apuseniair.ro\/","name":"APUSENI AIR","description":"Hotel Booking","potentialAction":[{"@type":"SearchAction","target":{"@type":"EntryPoint","urlTemplate":"https:\/\/apuseniair.ro\/?s={search_term_string}"},"query-input":{"@type":"PropertyValueSpecification","valueRequired":true,"valueName":"search_term_string"}}],"inLanguage":"en-US"}]}},"_links":{"self":[{"href":"https:\/\/apuseniair.ro\/en\/wp-json\/wp\/v2\/pages\/5869","targetHints":{"allow":["GET"]}}],"collection":[{"href":"https:\/\/apuseniair.ro\/en\/wp-json\/wp\/v2\/pages"}],"about":[{"href":"https:\/\/apuseniair.ro\/en\/wp-json\/wp\/v2\/types\/page"}],"author":[{"embeddable":true,"href":"https:\/\/apuseniair.ro\/en\/wp-json\/wp\/v2\/users\/1"}],"replies":[{"embeddable":true,"href":"https:\/\/apuseniair.ro\/en\/wp-json\/wp\/v2\/comments?post=5869"}],"version-history":[{"count":40,"href":"https:\/\/apuseniair.ro\/en\/wp-json\/wp\/v2\/pages\/5869\/revisions"}],"predecessor-version":[{"id":6714,"href":"https:\/\/apuseniair.ro\/en\/wp-json\/wp\/v2\/pages\/5869\/revisions\/6714"}],"wp:attachment":[{"href":"https:\/\/apuseniair.ro\/en\/wp-json\/wp\/v2\/media?parent=5869"}],"curies":[{"name":"wp","href":"https:\/\/api.w.org\/{rel}","templated":true}]}}