{"id":5860,"date":"2025-07-15T07:02:28","date_gmt":"2025-07-15T07:02:28","guid":{"rendered":"https:\/\/cabane-apuseni.fastapp.ro\/?page_id=5860"},"modified":"2025-10-28T12:49:19","modified_gmt":"2025-10-28T12:49:19","slug":"varful-petreasa-cota-1600","status":"publish","type":"page","link":"https:\/\/apuseniair.ro\/en\/varful-petreasa-cota-1600\/","title":{"rendered":"Petreasa Peak (1,600 m)"},"content":{"rendered":"<div data-elementor-type=\"wp-page\" data-elementor-id=\"5860\" class=\"elementor elementor-5860\">\n\t\t\t\t<div class=\"elementor-element elementor-element-d6d23b1 e-flex e-con-boxed e-con e-parent\" data-id=\"d6d23b1\" data-element_type=\"container\">\n\t\t\t\t\t<div class=\"e-con-inner\">\n\t\t<div class=\"elementor-element elementor-element-f919f89 e-con-full e-flex e-con e-child\" data-id=\"f919f89\" data-element_type=\"container\">\n\t\t\t\t<div class=\"elementor-element elementor-element-95b8f05 elementor-widget elementor-widget-image\" data-id=\"95b8f05\" data-element_type=\"widget\" data-widget_type=\"image.default\">\n\t\t\t\t<div class=\"elementor-widget-container\">\n\t\t\t\t\t\t\t\t\t\t\t\t\t\t\t<img fetchpriority=\"high\" decoding=\"async\" width=\"1024\" height=\"1024\" src=\"https:\/\/apuseniair.ro\/wp-content\/uploads\/2025\/06\/muntii-apuseni.jpg\" class=\"attachment-large size-large wp-image-5607\" alt=\"\" srcset=\"https:\/\/apuseniair.ro\/wp-content\/uploads\/2025\/06\/muntii-apuseni.jpg 1024w, https:\/\/apuseniair.ro\/wp-content\/uploads\/2025\/06\/muntii-apuseni-300x300.jpg 300w, https:\/\/apuseniair.ro\/wp-content\/uploads\/2025\/06\/muntii-apuseni-150x150.jpg 150w, https:\/\/apuseniair.ro\/wp-content\/uploads\/2025\/06\/muntii-apuseni-768x768.jpg 768w, https:\/\/apuseniair.ro\/wp-content\/uploads\/2025\/06\/muntii-apuseni-12x12.jpg 12w, https:\/\/apuseniair.ro\/wp-content\/uploads\/2025\/06\/muntii-apuseni-600x600.jpg 600w, https:\/\/apuseniair.ro\/wp-content\/uploads\/2025\/06\/muntii-apuseni-100x100.jpg 100w\" sizes=\"(max-width: 1024px) 100vw, 1024px\" \/>\t\t\t\t\t\t\t\t\t\t\t\t\t\t\t<\/div>\n\t\t\t\t<\/div>\n\t\t<div class=\"elementor-element elementor-element-45b54ea e-grid e-con-full elementor-hidden-tablet e-con e-child\" data-id=\"45b54ea\" data-element_type=\"container\">\n\t\t\t\t<div class=\"elementor-element elementor-element-e7a918f elementor-align-right elementor-widget elementor-widget-button\" data-id=\"e7a918f\" data-element_type=\"widget\" data-widget_type=\"button.default\">\n\t\t\t\t<div class=\"elementor-widget-container\">\n\t\t\t\t\t\t\t\t\t<div class=\"elementor-button-wrapper\">\n\t\t\t\t\t<a class=\"elementor-button elementor-button-link elementor-size-sm\" href=\"https:\/\/apuseniair.ro\/en\/casa-memoriala-horea\/\">\n\t\t\t\t\t\t<span class=\"elementor-button-content-wrapper\">\n\t\t\t\t\t\t<span class=\"elementor-button-icon\">\n\t\t\t\t<svg aria-hidden=\"true\" class=\"e-font-icon-svg e-fas-arrow-right\" viewbox=\"0 0 448 512\" xmlns=\"http:\/\/www.w3.org\/2000\/svg\"><path d=\"M190.5 66.9l22.2-22.2c9.4-9.4 24.6-9.4 33.9 0L441 239c9.4 9.4 9.4 24.6 0 33.9L246.6 467.3c-9.4 9.4-24.6 9.4-33.9 0l-22.2-22.2c-9.5-9.5-9.3-25 .4-34.3L311.4 296H24c-13.3 0-24-10.7-24-24v-32c0-13.3 10.7-24 24-24h287.4L190.9 101.2c-9.8-9.3-10-24.8-.4-34.3z\"><\/path><\/svg>\t\t\t<\/span>\n\t\t\t\t\t\t\t\t<\/span>\n\t\t\t\t\t<\/a>\n\t\t\t\t<\/div>\n\t\t\t\t\t\t\t\t<\/div>\n\t\t\t\t<\/div>\n\t\t\t\t<\/div>\n\t\t\t\t<\/div>\n\t\t<div class=\"elementor-element elementor-element-df9233e e-con-full e-flex e-con e-child\" data-id=\"df9233e\" data-element_type=\"container\">\n\t\t\t\t<div class=\"elementor-element elementor-element-e1497f8 elementor-widget elementor-widget-text-editor\" data-id=\"e1497f8\" data-element_type=\"widget\" data-widget_type=\"text-editor.default\">\n\t\t\t\t<div class=\"elementor-widget-container\">\n\t\t\t\t\t\t\t\t\t<p><strong>D\u00e2mbul lui G\u00e2f -  Panoramic viewpoint with benches and a spring  Distance: 18 kilometers<\/strong><\/p>\n<p><!-- \/wp:paragraph --><!-- wp:paragraph --><\/p>\n<p>Petreasa Peak (1,600 m), located in Horea commune, Alba County, is a remarkable mountain destination in the Apuseni Mountains. Accessible via Drumul lui Iovan, an asphalted road that climbs almost to the top, the place offers spectacular panoramas and an authentic atmosphere of \u021aara Mo\u021bilor.<\/p>\n<p><!-- \/wp:paragraph --><!-- wp:paragraph --><\/p>\n<p>Along the route, visitors can discover D\u00e2mbul lui G\u00e2f, a place with cultural and historical significance for the local community. In the past, the Mo\u021bi used to rest here after the tiring ascent, and the spot also became known as a meeting place for lovers. Today, the hill is equipped with a spring, benches, and a sculptural ensemble dedicated to love, the result of a sculpture contest held in 2017.\u00a0<\/p>\n<p><!-- \/wp:paragraph --><!-- wp:paragraph --><\/p>\n<p>Nearby is the Memorial of the 2014 plane crash, a place for remembrance and tribute. Petreasa Peak is ideal for hiking, relaxation, and exploring the traditions of the Mo\u021bi people in an exceptional natural setting.<\/p>\n<p><!-- \/wp:paragraph --><\/p>\t\t\t\t\t\t\t\t<\/div>\n\t\t\t\t<\/div>\n\t\t\t\t<div class=\"elementor-element elementor-element-e043ddc animated-fast elementor-invisible elementor-widget elementor-widget-uxper-elementor-button\" data-id=\"e043ddc\" data-element_type=\"widget\" data-settings=\"{&quot;_animation&quot;:&quot;uxperFadeInUp&quot;}\" data-widget_type=\"uxper-elementor-button.default\">\n\t\t\t\t<div class=\"elementor-widget-container\">\n\t\t\t\t\t\t\t<div class=\"ue-modern-button\">\r\n\t\t\t\t\t<div class=\"uxper-ele-button-wrapper\">\r\n\t\t\t<a class=\"uxper-ele-button  style-border\" href=\"https:\/\/maps.app.goo.gl\/bgLjWNNbFiQ9T3XC7\" target=\"_blank\">\t\t\t<div class=\"button-content-wrapper\">\r\n\t\t\t\t\r\n\t\t\t\t\t\t\t\t\t<span class=\"button-text\">ROUTE INFORMATION<\/span>\r\n\t\t\t\t\r\n\t\t\t\t\t\t\t<\/div>\r\n\t\t\t<\/a>\t\t<\/div>\r\n\t\t\t\t<\/div>\r\n\t\t\t\t<\/div>\n\t\t\t\t<\/div>\n\t\t\t\t<\/div>\n\t\t\t\t\t<\/div>\n\t\t\t\t<\/div>\n\t\t<div class=\"elementor-element elementor-element-507b802 e-flex e-con-boxed e-con e-parent\" data-id=\"507b802\" data-element_type=\"container\">\n\t\t\t\t\t<div class=\"e-con-inner\">\n\t\t\t\t<div class=\"elementor-element elementor-element-e9f05c4 elementor-widget elementor-widget-google_maps\" data-id=\"e9f05c4\" data-element_type=\"widget\" data-widget_type=\"google_maps.default\">\n\t\t\t\t<div class=\"elementor-widget-container\">\n\t\t\t\t\t\t\t<div class=\"elementor-custom-embed\">\n\t\t\t<iframe loading=\"lazy\"\n\t\t\t\t\tsrc=\"https:\/\/maps.google.com\/maps?q=V%C3%A2rful%20Petreasa%2C%20Horea%20517340&#038;t=m&#038;z=13&#038;output=embed&#038;iwloc=near\"\n\t\t\t\t\ttitle=\"The Tip Of The Petreasa, By 517340\"\n\t\t\t\t\taria-label=\"The Tip Of The Petreasa, By 517340\"\n\t\t\t><\/iframe>\n\t\t<\/div>\n\t\t\t\t\t\t<\/div>\n\t\t\t\t<\/div>\n\t\t\t\t\t<\/div>\n\t\t\t\t<\/div>\n\t\t<div class=\"elementor-element elementor-element-b9443ea e-grid e-con-full elementor-hidden-desktop elementor-hidden-tablet e-con e-child\" data-id=\"b9443ea\" data-element_type=\"container\">\n\t\t\t\t<div class=\"elementor-element elementor-element-9d08361 elementor-align-right elementor-widget elementor-widget-button\" data-id=\"9d08361\" data-element_type=\"widget\" data-widget_type=\"button.default\">\n\t\t\t\t<div class=\"elementor-widget-container\">\n\t\t\t\t\t\t\t\t\t<div class=\"elementor-button-wrapper\">\n\t\t\t\t\t<a class=\"elementor-button elementor-button-link elementor-size-sm\" href=\"https:\/\/apuseniair.ro\/en\/casa-memoriala-horea\/\">\n\t\t\t\t\t\t<span class=\"elementor-button-content-wrapper\">\n\t\t\t\t\t\t<span class=\"elementor-button-icon\">\n\t\t\t\t<svg aria-hidden=\"true\" class=\"e-font-icon-svg e-fas-arrow-right\" viewbox=\"0 0 448 512\" xmlns=\"http:\/\/www.w3.org\/2000\/svg\"><path d=\"M190.5 66.9l22.2-22.2c9.4-9.4 24.6-9.4 33.9 0L441 239c9.4 9.4 9.4 24.6 0 33.9L246.6 467.3c-9.4 9.4-24.6 9.4-33.9 0l-22.2-22.2c-9.5-9.5-9.3-25 .4-34.3L311.4 296H24c-13.3 0-24-10.7-24-24v-32c0-13.3 10.7-24 24-24h287.4L190.9 101.2c-9.8-9.3-10-24.8-.4-34.3z\"><\/path><\/svg>\t\t\t<\/span>\n\t\t\t\t\t\t\t\t<\/span>\n\t\t\t\t\t<\/a>\n\t\t\t\t<\/div>\n\t\t\t\t\t\t\t\t<\/div>\n\t\t\t\t<\/div>\n\t\t\t\t<\/div>\n\t\t<div class=\"elementor-element elementor-element-9b137a6 e-flex e-con-boxed e-con e-parent\" data-id=\"9b137a6\" data-element_type=\"container\">\n\t\t\t\t\t<div class=\"e-con-inner\">\n\t\t\t\t<div class=\"elementor-element elementor-element-e5801a0 elementor-arrows-position-inside elementor-pagination-position-outside elementor-widget elementor-widget-image-carousel\" data-id=\"e5801a0\" data-element_type=\"widget\" data-settings=\"{&quot;slides_to_show&quot;:&quot;3&quot;,&quot;slides_to_show_mobile&quot;:&quot;1&quot;,&quot;image_spacing_custom&quot;:{&quot;unit&quot;:&quot;px&quot;,&quot;size&quot;:64,&quot;sizes&quot;:[]},&quot;navigation&quot;:&quot;both&quot;,&quot;autoplay&quot;:&quot;yes&quot;,&quot;pause_on_hover&quot;:&quot;yes&quot;,&quot;pause_on_interaction&quot;:&quot;yes&quot;,&quot;autoplay_speed&quot;:5000,&quot;infinite&quot;:&quot;yes&quot;,&quot;speed&quot;:500,&quot;image_spacing_custom_tablet&quot;:{&quot;unit&quot;:&quot;px&quot;,&quot;size&quot;:&quot;&quot;,&quot;sizes&quot;:[]}}\" data-widget_type=\"image-carousel.default\">\n\t\t\t\t<div class=\"elementor-widget-container\">\n\t\t\t\t\t\t\t<div class=\"elementor-image-carousel-wrapper swiper\" role=\"region\" aria-roledescription=\"carousel\" aria-label=\"A carousel of images\" dir=\"ltr\">\n\t\t\t<div class=\"elementor-image-carousel swiper-wrapper\" aria-live=\"off\">\n\t\t\t\t\t\t\t\t<div class=\"swiper-slide\" role=\"group\" aria-roledescription=\"slide\" aria-label=\"1 din 3\"><figure class=\"swiper-slide-inner\"><img decoding=\"async\" class=\"swiper-slide-image\" src=\"https:\/\/apuseniair.ro\/wp-content\/uploads\/2025\/07\/14._zanzesti_-_marius_turc-e1761655707312.jpg\" alt=\"14._zanzesti_-_marius_turc\" \/><\/figure><\/div><div class=\"swiper-slide\" role=\"group\" aria-roledescription=\"slide\" aria-label=\"2 din 3\"><figure class=\"swiper-slide-inner\"><img decoding=\"async\" class=\"swiper-slide-image\" src=\"https:\/\/apuseniair.ro\/wp-content\/uploads\/2025\/07\/petreasa9.jpg\" alt=\"petreasa9\" \/><\/figure><\/div><div class=\"swiper-slide\" role=\"group\" aria-roledescription=\"slide\" aria-label=\"3 din 3\"><figure class=\"swiper-slide-inner\"><img decoding=\"async\" class=\"swiper-slide-image\" src=\"https:\/\/apuseniair.ro\/wp-content\/uploads\/2025\/07\/petreasa10.jpg\" alt=\"petreasa10\" \/><\/figure><\/div>\t\t\t<\/div>\n\t\t\t\t\t\t\t\t\t\t\t\t<div class=\"elementor-swiper-button elementor-swiper-button-prev\" role=\"button\" tabindex=\"0\">\n\t\t\t\t\t\t<svg aria-hidden=\"true\" class=\"e-font-icon-svg e-eicon-chevron-left\" viewbox=\"0 0 1000 1000\" xmlns=\"http:\/\/www.w3.org\/2000\/svg\"><path d=\"M646 125C629 125 613 133 604 142L308 442C296 454 292 471 292 487 292 504 296 521 308 533L604 854C617 867 629 875 646 875 663 875 679 871 692 858 704 846 713 829 713 812 713 796 708 779 692 767L438 487 692 225C700 217 708 204 708 187 708 171 704 154 692 142 675 129 663 125 646 125Z\"><\/path><\/svg>\t\t\t\t\t<\/div>\n\t\t\t\t\t<div class=\"elementor-swiper-button elementor-swiper-button-next\" role=\"button\" tabindex=\"0\">\n\t\t\t\t\t\t<svg aria-hidden=\"true\" class=\"e-font-icon-svg e-eicon-chevron-right\" viewbox=\"0 0 1000 1000\" xmlns=\"http:\/\/www.w3.org\/2000\/svg\"><path d=\"M696 533C708 521 713 504 713 487 713 471 708 454 696 446L400 146C388 133 375 125 354 125 338 125 325 129 313 142 300 154 292 171 292 187 292 204 296 221 308 233L563 492 304 771C292 783 288 800 288 817 288 833 296 850 308 863 321 871 338 875 354 875 371 875 388 867 400 854L696 533Z\"><\/path><\/svg>\t\t\t\t\t<\/div>\n\t\t\t\t\n\t\t\t\t\t\t\t\t\t<div class=\"swiper-pagination\"><\/div>\n\t\t\t\t\t\t\t\t\t<\/div>\n\t\t\t\t\t\t<\/div>\n\t\t\t\t<\/div>\n\t\t\t\t\t<\/div>\n\t\t\t\t<\/div>\n\t\t\t\t<\/div>","protected":false},"excerpt":{"rendered":"<p>D\u00e2mbul lui G\u00e2f- Punct panoramic cu b\u0103nci \u0219i izvor\u00a0\u00a0\u00a0\u00a0\u00a0\u00a0\u00a0\u00a0\u00a0\u00a0\u00a0\u00a0\u00a0\u00a0\u00a0\u00a0\u00a0\u00a0\u00a0\u00a0\u00a0\u00a0\u00a0\u00a0\u00a0\u00a0\u00a0\u00a0\u00a0\u00a0\u00a0\u00a0\u00a0\u00a0\u00a0\u00a0\u00a0\u00a0\u00a0\u00a0\u00a0\u00a0\u00a0\u00a0\u00a0\u00a0\u00a0\u00a0\u00a0 Distan\u021b\u0103: 18 km V\u00e2rful Petreasa (1.600 m), situat \u00een comuna Horea, jude\u021bul Alba, este o destina\u021bie montan\u0103 remarcabil\u0103 \u00een Mun\u021bii Apuseni.\u00a0 Accesibil prin Drumul lui Iovan, un traseu asfaltat ce urc\u0103 p\u00e2n\u0103 aproape de v\u00e2rf, locul ofer\u0103 panorame spectaculoase \u0219i o atmosfer\u0103 autentic\u0103 a \u021a\u0103rii Mo\u021bilor. [&hellip;]<\/p>","protected":false},"author":1,"featured_media":0,"parent":0,"menu_order":0,"comment_status":"closed","ping_status":"closed","template":"","meta":{"footnotes":""},"class_list":["post-5860","page","type-page","status-publish","hentry","post-no-thumbnail"],"yoast_head":"<!-- This site is optimized with the Yoast SEO plugin v26.4 - https:\/\/yoast.com\/wordpress\/plugins\/seo\/ -->\n<title>Varful Petreasa \u2013 Cota 1600 - APUSENI AIR<\/title>\n<meta name=\"description\" content=\"D\u00e2mbul lui G\u00e2f- Punct panoramic cu b\u0103nci \u0219i izvor\u00a0\u00a0\u00a0\u00a0\u00a0\u00a0\u00a0\u00a0\u00a0\u00a0\u00a0\u00a0\u00a0\u00a0\u00a0\u00a0\u00a0\u00a0\u00a0\u00a0\u00a0\u00a0\u00a0\u00a0\u00a0\u00a0\u00a0\u00a0\u00a0\u00a0\u00a0\u00a0\u00a0\u00a0\u00a0\u00a0\u00a0\u00a0\u00a0\u00a0\u00a0\u00a0\u00a0\u00a0\u00a0\u00a0\u00a0\u00a0\u00a0 Distan\u021b\u0103: 18 km V\u00e2rful Petreasa (1.600 m), situat \u00een\" \/>\n<meta name=\"robots\" content=\"index, follow, max-snippet:-1, max-image-preview:large, max-video-preview:-1\" \/>\n<link rel=\"canonical\" href=\"https:\/\/apuseniair.ro\/en\/varful-petreasa-cota-1600\/\" \/>\n<meta property=\"og:locale\" content=\"en_US\" \/>\n<meta property=\"og:type\" content=\"article\" \/>\n<meta property=\"og:title\" content=\"Varful Petreasa \u2013 Cota 1600 - APUSENI AIR\" \/>\n<meta property=\"og:description\" content=\"D\u00e2mbul lui G\u00e2f- Punct panoramic cu b\u0103nci \u0219i izvor\u00a0\u00a0\u00a0\u00a0\u00a0\u00a0\u00a0\u00a0\u00a0\u00a0\u00a0\u00a0\u00a0\u00a0\u00a0\u00a0\u00a0\u00a0\u00a0\u00a0\u00a0\u00a0\u00a0\u00a0\u00a0\u00a0\u00a0\u00a0\u00a0\u00a0\u00a0\u00a0\u00a0\u00a0\u00a0\u00a0\u00a0\u00a0\u00a0\u00a0\u00a0\u00a0\u00a0\u00a0\u00a0\u00a0\u00a0\u00a0\u00a0 Distan\u021b\u0103: 18 km V\u00e2rful Petreasa (1.600 m), situat \u00een\" \/>\n<meta property=\"og:url\" content=\"https:\/\/apuseniair.ro\/en\/varful-petreasa-cota-1600\/\" \/>\n<meta property=\"og:site_name\" content=\"APUSENI AIR\" \/>\n<meta property=\"article:modified_time\" content=\"2025-10-28T12:49:19+00:00\" \/>\n<meta property=\"og:image\" content=\"https:\/\/apuseniair.ro\/wp-content\/uploads\/2025\/06\/muntii-apuseni.jpg\" \/>\n\t<meta property=\"og:image:width\" content=\"1024\" \/>\n\t<meta property=\"og:image:height\" content=\"1024\" \/>\n\t<meta property=\"og:image:type\" content=\"image\/jpeg\" \/>\n<meta name=\"twitter:card\" content=\"summary_large_image\" \/>\n<meta name=\"twitter:label1\" content=\"Est. reading time\" \/>\n\t<meta name=\"twitter:data1\" content=\"1 minute\" \/>\n<script type=\"application\/ld+json\" class=\"yoast-schema-graph\">{\"@context\":\"https:\/\/schema.org\",\"@graph\":[{\"@type\":\"WebPage\",\"@id\":\"https:\/\/apuseniair.ro\/varful-petreasa-cota-1600\/\",\"url\":\"https:\/\/apuseniair.ro\/varful-petreasa-cota-1600\/\",\"name\":\"Varful Petreasa \u2013 Cota 1600 - APUSENI AIR\",\"isPartOf\":{\"@id\":\"https:\/\/apuseniair.ro\/#website\"},\"primaryImageOfPage\":{\"@id\":\"https:\/\/apuseniair.ro\/varful-petreasa-cota-1600\/#primaryimage\"},\"image\":{\"@id\":\"https:\/\/apuseniair.ro\/varful-petreasa-cota-1600\/#primaryimage\"},\"thumbnailUrl\":\"https:\/\/apuseniair.ro\/wp-content\/uploads\/2025\/06\/muntii-apuseni.jpg\",\"datePublished\":\"2025-07-15T07:02:28+00:00\",\"dateModified\":\"2025-10-28T12:49:19+00:00\",\"description\":\"D\u00e2mbul lui G\u00e2f- Punct panoramic cu b\u0103nci \u0219i izvor\u00a0\u00a0\u00a0\u00a0\u00a0\u00a0\u00a0\u00a0\u00a0\u00a0\u00a0\u00a0\u00a0\u00a0\u00a0\u00a0\u00a0\u00a0\u00a0\u00a0\u00a0\u00a0\u00a0\u00a0\u00a0\u00a0\u00a0\u00a0\u00a0\u00a0\u00a0\u00a0\u00a0\u00a0\u00a0\u00a0\u00a0\u00a0\u00a0\u00a0\u00a0\u00a0\u00a0\u00a0\u00a0\u00a0\u00a0\u00a0\u00a0 Distan\u021b\u0103: 18 km V\u00e2rful Petreasa (1.600 m), situat \u00een\",\"breadcrumb\":{\"@id\":\"https:\/\/apuseniair.ro\/varful-petreasa-cota-1600\/#breadcrumb\"},\"inLanguage\":\"en-US\",\"potentialAction\":[{\"@type\":\"ReadAction\",\"target\":[\"https:\/\/apuseniair.ro\/varful-petreasa-cota-1600\/\"]}]},{\"@type\":\"ImageObject\",\"inLanguage\":\"en-US\",\"@id\":\"https:\/\/apuseniair.ro\/varful-petreasa-cota-1600\/#primaryimage\",\"url\":\"https:\/\/apuseniair.ro\/wp-content\/uploads\/2025\/06\/muntii-apuseni.jpg\",\"contentUrl\":\"https:\/\/apuseniair.ro\/wp-content\/uploads\/2025\/06\/muntii-apuseni.jpg\"},{\"@type\":\"BreadcrumbList\",\"@id\":\"https:\/\/apuseniair.ro\/varful-petreasa-cota-1600\/#breadcrumb\",\"itemListElement\":[{\"@type\":\"ListItem\",\"position\":1,\"name\":\"Prima pagin\u0103\",\"item\":\"https:\/\/apuseniair.ro\/\"},{\"@type\":\"ListItem\",\"position\":2,\"name\":\"Varful Petreasa \u2013 Cota 1600\"}]},{\"@type\":\"WebSite\",\"@id\":\"https:\/\/apuseniair.ro\/#website\",\"url\":\"https:\/\/apuseniair.ro\/\",\"name\":\"APUSENI AIR\",\"description\":\"Hotel Booking\",\"potentialAction\":[{\"@type\":\"SearchAction\",\"target\":{\"@type\":\"EntryPoint\",\"urlTemplate\":\"https:\/\/apuseniair.ro\/?s={search_term_string}\"},\"query-input\":{\"@type\":\"PropertyValueSpecification\",\"valueRequired\":true,\"valueName\":\"search_term_string\"}}],\"inLanguage\":\"en-US\"}]}<\/script>\n<!-- \/ Yoast SEO plugin. -->","yoast_head_json":{"title":"Varful Petreasa \u2013 Cota 1600 - APUSENI AIR","description":"D\u00e2mbul lui G\u00e2f- Punct panoramic cu b\u0103nci \u0219i izvor\u00a0\u00a0\u00a0\u00a0\u00a0\u00a0\u00a0\u00a0\u00a0\u00a0\u00a0\u00a0\u00a0\u00a0\u00a0\u00a0\u00a0\u00a0\u00a0\u00a0\u00a0\u00a0\u00a0\u00a0\u00a0\u00a0\u00a0\u00a0\u00a0\u00a0\u00a0\u00a0\u00a0\u00a0\u00a0\u00a0\u00a0\u00a0\u00a0\u00a0\u00a0\u00a0\u00a0\u00a0\u00a0\u00a0\u00a0\u00a0\u00a0 Distan\u021b\u0103: 18 km V\u00e2rful Petreasa (1.600 m), situat \u00een","robots":{"index":"index","follow":"follow","max-snippet":"max-snippet:-1","max-image-preview":"max-image-preview:large","max-video-preview":"max-video-preview:-1"},"canonical":"https:\/\/apuseniair.ro\/en\/varful-petreasa-cota-1600\/","og_locale":"en_US","og_type":"article","og_title":"Varful Petreasa \u2013 Cota 1600 - APUSENI AIR","og_description":"D\u00e2mbul lui G\u00e2f- Punct panoramic cu b\u0103nci \u0219i izvor\u00a0\u00a0\u00a0\u00a0\u00a0\u00a0\u00a0\u00a0\u00a0\u00a0\u00a0\u00a0\u00a0\u00a0\u00a0\u00a0\u00a0\u00a0\u00a0\u00a0\u00a0\u00a0\u00a0\u00a0\u00a0\u00a0\u00a0\u00a0\u00a0\u00a0\u00a0\u00a0\u00a0\u00a0\u00a0\u00a0\u00a0\u00a0\u00a0\u00a0\u00a0\u00a0\u00a0\u00a0\u00a0\u00a0\u00a0\u00a0\u00a0 Distan\u021b\u0103: 18 km V\u00e2rful Petreasa (1.600 m), situat \u00een","og_url":"https:\/\/apuseniair.ro\/en\/varful-petreasa-cota-1600\/","og_site_name":"APUSENI AIR","article_modified_time":"2025-10-28T12:49:19+00:00","og_image":[{"width":1024,"height":1024,"url":"https:\/\/apuseniair.ro\/wp-content\/uploads\/2025\/06\/muntii-apuseni.jpg","type":"image\/jpeg"}],"twitter_card":"summary_large_image","twitter_misc":{"Est. reading time":"1 minute"},"schema":{"@context":"https:\/\/schema.org","@graph":[{"@type":"WebPage","@id":"https:\/\/apuseniair.ro\/varful-petreasa-cota-1600\/","url":"https:\/\/apuseniair.ro\/varful-petreasa-cota-1600\/","name":"Varful Petreasa \u2013 Cota 1600 - APUSENI AIR","isPartOf":{"@id":"https:\/\/apuseniair.ro\/#website"},"primaryImageOfPage":{"@id":"https:\/\/apuseniair.ro\/varful-petreasa-cota-1600\/#primaryimage"},"image":{"@id":"https:\/\/apuseniair.ro\/varful-petreasa-cota-1600\/#primaryimage"},"thumbnailUrl":"https:\/\/apuseniair.ro\/wp-content\/uploads\/2025\/06\/muntii-apuseni.jpg","datePublished":"2025-07-15T07:02:28+00:00","dateModified":"2025-10-28T12:49:19+00:00","description":"D\u00e2mbul lui G\u00e2f- Punct panoramic cu b\u0103nci \u0219i izvor\u00a0\u00a0\u00a0\u00a0\u00a0\u00a0\u00a0\u00a0\u00a0\u00a0\u00a0\u00a0\u00a0\u00a0\u00a0\u00a0\u00a0\u00a0\u00a0\u00a0\u00a0\u00a0\u00a0\u00a0\u00a0\u00a0\u00a0\u00a0\u00a0\u00a0\u00a0\u00a0\u00a0\u00a0\u00a0\u00a0\u00a0\u00a0\u00a0\u00a0\u00a0\u00a0\u00a0\u00a0\u00a0\u00a0\u00a0\u00a0\u00a0 Distan\u021b\u0103: 18 km V\u00e2rful Petreasa (1.600 m), situat \u00een","breadcrumb":{"@id":"https:\/\/apuseniair.ro\/varful-petreasa-cota-1600\/#breadcrumb"},"inLanguage":"en-US","potentialAction":[{"@type":"ReadAction","target":["https:\/\/apuseniair.ro\/varful-petreasa-cota-1600\/"]}]},{"@type":"ImageObject","inLanguage":"en-US","@id":"https:\/\/apuseniair.ro\/varful-petreasa-cota-1600\/#primaryimage","url":"https:\/\/apuseniair.ro\/wp-content\/uploads\/2025\/06\/muntii-apuseni.jpg","contentUrl":"https:\/\/apuseniair.ro\/wp-content\/uploads\/2025\/06\/muntii-apuseni.jpg"},{"@type":"BreadcrumbList","@id":"https:\/\/apuseniair.ro\/varful-petreasa-cota-1600\/#breadcrumb","itemListElement":[{"@type":"ListItem","position":1,"name":"Prima pagin\u0103","item":"https:\/\/apuseniair.ro\/"},{"@type":"ListItem","position":2,"name":"Varful Petreasa \u2013 Cota 1600"}]},{"@type":"WebSite","@id":"https:\/\/apuseniair.ro\/#website","url":"https:\/\/apuseniair.ro\/","name":"APUSENI AIR","description":"Hotel Booking","potentialAction":[{"@type":"SearchAction","target":{"@type":"EntryPoint","urlTemplate":"https:\/\/apuseniair.ro\/?s={search_term_string}"},"query-input":{"@type":"PropertyValueSpecification","valueRequired":true,"valueName":"search_term_string"}}],"inLanguage":"en-US"}]}},"_links":{"self":[{"href":"https:\/\/apuseniair.ro\/en\/wp-json\/wp\/v2\/pages\/5860","targetHints":{"allow":["GET"]}}],"collection":[{"href":"https:\/\/apuseniair.ro\/en\/wp-json\/wp\/v2\/pages"}],"about":[{"href":"https:\/\/apuseniair.ro\/en\/wp-json\/wp\/v2\/types\/page"}],"author":[{"embeddable":true,"href":"https:\/\/apuseniair.ro\/en\/wp-json\/wp\/v2\/users\/1"}],"replies":[{"embeddable":true,"href":"https:\/\/apuseniair.ro\/en\/wp-json\/wp\/v2\/comments?post=5860"}],"version-history":[{"count":19,"href":"https:\/\/apuseniair.ro\/en\/wp-json\/wp\/v2\/pages\/5860\/revisions"}],"predecessor-version":[{"id":6717,"href":"https:\/\/apuseniair.ro\/en\/wp-json\/wp\/v2\/pages\/5860\/revisions\/6717"}],"wp:attachment":[{"href":"https:\/\/apuseniair.ro\/en\/wp-json\/wp\/v2\/media?parent=5860"}],"curies":[{"name":"wp","href":"https:\/\/api.w.org\/{rel}","templated":true}]}}