{"id":3328,"date":"2024-01-18T06:36:14","date_gmt":"2024-01-18T06:36:14","guid":{"rendered":"https:\/\/pura.uxper.co\/forest-lodge\/?page_id=3328"},"modified":"2025-11-21T08:52:46","modified_gmt":"2025-11-21T08:52:46","slug":"povestea-noastra","status":"publish","type":"page","link":"https:\/\/apuseniair.ro\/en\/povestea-noastra\/","title":{"rendered":"On The Mountains The Air"},"content":{"rendered":"<div data-elementor-type=\"wp-page\" data-elementor-id=\"3328\" class=\"elementor elementor-3328\">\n\t\t\t\t<div class=\"elementor-element elementor-element-74bc313b e-con-full e-flex e-con e-parent\" data-id=\"74bc313b\" data-element_type=\"container\" data-settings=\"{&quot;background_background&quot;:&quot;classic&quot;}\">\n\t\t\t\t<div class=\"elementor-element elementor-element-2dbb8733 elementor-widget elementor-widget-heading\" data-id=\"2dbb8733\" data-element_type=\"widget\" data-widget_type=\"heading.default\">\n\t\t\t\t<div class=\"elementor-widget-container\">\n\t\t\t\t\t<h2 class=\"elementor-heading-title elementor-size-default\">Our story<\/h2>\t\t\t\t<\/div>\n\t\t\t\t<\/div>\n\t\t\t\t<\/div>\n\t\t<div class=\"elementor-element elementor-element-2a691dc4 e-flex e-con-boxed e-con e-parent\" data-id=\"2a691dc4\" data-element_type=\"container\" data-settings=\"{&quot;background_background&quot;:&quot;classic&quot;}\">\n\t\t\t\t\t<div class=\"e-con-inner\">\n\t\t\t\t<div class=\"elementor-element elementor-element-7675d276 animated-fast elementor-invisible elementor-widget elementor-widget-uxper-elementor-banner-01\" data-id=\"7675d276\" data-element_type=\"widget\" data-settings=\"{&quot;_animation&quot;:&quot;uxperFadeInUp&quot;}\" data-widget_type=\"uxper-elementor-banner-01.default\">\n\t\t\t\t<div class=\"elementor-widget-container\">\n\t\t\t\t\t\t\t<div class=\"ue-banner-image-01 reverse\">\r\n\t\t\t<div class=\"inner\">\r\n\t\t\t\t\t\t\t\t\t\t\t<div class=\"image\">\r\n\t\t\t<img fetchpriority=\"high\" decoding=\"async\" width=\"1707\" height=\"1883\" src=\"https:\/\/apuseniair.ro\/wp-content\/uploads\/2021\/06\/PS525588-scaled-e1757756428534.jpg\" class=\"attachment-full size-full wp-image-6210\" alt=\"\" srcset=\"https:\/\/apuseniair.ro\/wp-content\/uploads\/2021\/06\/PS525588-scaled-e1757756428534.jpg 1707w, https:\/\/apuseniair.ro\/wp-content\/uploads\/2021\/06\/PS525588-scaled-e1757756428534-272x300.jpg 272w, https:\/\/apuseniair.ro\/wp-content\/uploads\/2021\/06\/PS525588-scaled-e1757756428534-928x1024.jpg 928w, https:\/\/apuseniair.ro\/wp-content\/uploads\/2021\/06\/PS525588-scaled-e1757756428534-768x847.jpg 768w, https:\/\/apuseniair.ro\/wp-content\/uploads\/2021\/06\/PS525588-scaled-e1757756428534-1392x1536.jpg 1392w, https:\/\/apuseniair.ro\/wp-content\/uploads\/2021\/06\/PS525588-scaled-e1757756428534-11x12.jpg 11w\" sizes=\"(max-width: 1707px) 100vw, 1707px\" \/>\t\t<\/div>\r\n\t\t\t\t\t<div class=\"content\">\r\n\t\t\t\t\t\t<div class=\"content-inner\">\r\n\t\t\t\t\t\t\t            <div class=\"uxper-ele-heading\">\r\n                                                    <h2 class=\"heading-title\">Our passion for peace has turned into one place.\n<\/h2>\r\n                                                                <div class=\"heading-description\">\r\n                    <p data-start=\"320\" data-end=\"598\">It all started with a dream... or rather, the kind of crazy. On one of the days when I was travelling around the country, we saw an abandoned plane on a level playing field. It wasn&#039;t anything spectacular, but the idea that he&#039;s trapped, in our mind, it&#039;s magic, &#034;How would it be to make a plane for a place to stay?&#034;<br \/>This may sound crazy. And yet... and yet, something was telling us that we need to try this. We are looking for a place to give life to our dream. Every weekend, we&#039;ll leave in Bucharest, trying to find that &#034;home&#034; for the us \u2013 but there was no call for us to be true. <br \/>Until one day when an announcement has carried us every step of the way in the west do. It was far away, yeah, yeah. But my heart told us to go to. That's how I ended up in the Matisesti, a village to the story, hidden among the mountains, in the county of Alba, Horea Commune. And there, in between the mountains, the serenity and the fresh air, and I knew that I had made it home.<\/p>                <\/div>\r\n                            <\/div>\r\n        \t\t\t\t\t\t<\/div>\r\n\t\t\t\t\t<\/div>\r\n\t\t\t\t\t\t\t<\/div>\r\n\t\t<\/div>\r\n\t\t\t\t\t<\/div>\n\t\t\t\t<\/div>\n\t\t<div class=\"elementor-element elementor-element-92c8155 e-grid e-con-full e-con e-child\" data-id=\"92c8155\" data-element_type=\"container\">\n\t\t<div class=\"elementor-element elementor-element-5f72b12 e-con-full e-flex e-con e-child\" data-id=\"5f72b12\" data-element_type=\"container\">\n\t\t\t\t<div class=\"elementor-element elementor-element-9f2efb2 elementor-widget elementor-widget-heading\" data-id=\"9f2efb2\" data-element_type=\"widget\" data-widget_type=\"heading.default\">\n\t\t\t\t<div class=\"elementor-widget-container\">\n\t\t\t\t\t<h2 class=\"elementor-heading-title elementor-size-default\">The plane?<\/h2>\t\t\t\t<\/div>\n\t\t\t\t<\/div>\n\t\t\t\t<div class=\"elementor-element elementor-element-d512b80 elementor-widget elementor-widget-text-editor\" data-id=\"d512b80\" data-element_type=\"widget\" data-widget_type=\"text-editor.default\">\n\t\t\t\t<div class=\"elementor-widget-container\">\n\t\t\t\t\t\t\t\t\t<p data-start=\"320\" data-end=\"598\"><br \/>The ground for us to find us, actually. <br \/>A plane? It&#039;s been an adventure, I found it, I bought it, and after a lot of challenges to it, I brought it out to us. We are going to make the experience unique lodging, and we hope to stay in the heart of every visitor. <br \/>But until then, we started with a couple of houses erected by the care, passion, and a lot of heart. <br \/>The boxes are inspired by the scandinavian style \u2013 its simplicity, elegant, warm wood and glass, generous. We have created a space in which you wake up on the mountains in front of you, and in the night you can fall asleep under a sky full of stars. The bed is positioned centrally, surrounded by large windows that provide a panoramic view of the nature of \u2013 in the morning greets you with a golden light, and at night, the sky becomes your very own planetarium!<\/p>\t\t\t\t\t\t\t\t<\/div>\n\t\t\t\t<\/div>\n\t\t\t\t<\/div>\n\t\t\t\t<div class=\"elementor-element elementor-element-fcc3137 elementor-widget elementor-widget-image\" data-id=\"fcc3137\" data-element_type=\"widget\" data-widget_type=\"image.default\">\n\t\t\t\t<div class=\"elementor-widget-container\">\n\t\t\t\t\t\t\t\t\t\t\t\t\t\t\t<img decoding=\"async\" width=\"1024\" height=\"683\" src=\"https:\/\/apuseniair.ro\/wp-content\/uploads\/2025\/09\/DJI_0547-1024x683.jpg\" class=\"attachment-large size-large wp-image-6126\" alt=\"\" srcset=\"https:\/\/apuseniair.ro\/wp-content\/uploads\/2025\/09\/DJI_0547-1024x683.jpg 1024w, https:\/\/apuseniair.ro\/wp-content\/uploads\/2025\/09\/DJI_0547-300x200.jpg 300w, https:\/\/apuseniair.ro\/wp-content\/uploads\/2025\/09\/DJI_0547-768x512.jpg 768w, https:\/\/apuseniair.ro\/wp-content\/uploads\/2025\/09\/DJI_0547-1536x1024.jpg 1536w, https:\/\/apuseniair.ro\/wp-content\/uploads\/2025\/09\/DJI_0547-2048x1365.jpg 2048w, https:\/\/apuseniair.ro\/wp-content\/uploads\/2025\/09\/DJI_0547-18x12.jpg 18w\" sizes=\"(max-width: 1024px) 100vw, 1024px\" \/>\t\t\t\t\t\t\t\t\t\t\t\t\t\t\t<\/div>\n\t\t\t\t<\/div>\n\t\t\t\t<\/div>\n\t\t\t\t<div class=\"elementor-element elementor-element-429e6233 animated-fast elementor-invisible elementor-widget elementor-widget-uxper-elementor-banner-01\" data-id=\"429e6233\" data-element_type=\"widget\" data-settings=\"{&quot;_animation&quot;:&quot;uxperFadeInUp&quot;}\" data-widget_type=\"uxper-elementor-banner-01.default\">\n\t\t\t\t<div class=\"elementor-widget-container\">\n\t\t\t\t\t\t\t<div class=\"ue-banner-image-01 reverse\">\r\n\t\t\t<div class=\"inner\">\r\n\t\t\t\t\t\t\t\t\t\t\t<div class=\"image\">\r\n\t\t\t<img decoding=\"async\" width=\"2048\" height=\"1365\" src=\"https:\/\/apuseniair.ro\/wp-content\/uploads\/2025\/11\/P1042145-HDR-2048x1365-1.webp\" class=\"attachment-full size-full wp-image-7041\" alt=\"\" srcset=\"https:\/\/apuseniair.ro\/wp-content\/uploads\/2025\/11\/P1042145-HDR-2048x1365-1.webp 2048w, https:\/\/apuseniair.ro\/wp-content\/uploads\/2025\/11\/P1042145-HDR-2048x1365-1-300x200.webp 300w, https:\/\/apuseniair.ro\/wp-content\/uploads\/2025\/11\/P1042145-HDR-2048x1365-1-1024x683.webp 1024w, https:\/\/apuseniair.ro\/wp-content\/uploads\/2025\/11\/P1042145-HDR-2048x1365-1-768x512.webp 768w, https:\/\/apuseniair.ro\/wp-content\/uploads\/2025\/11\/P1042145-HDR-2048x1365-1-1536x1024.webp 1536w, https:\/\/apuseniair.ro\/wp-content\/uploads\/2025\/11\/P1042145-HDR-2048x1365-1-18x12.webp 18w\" sizes=\"(max-width: 2048px) 100vw, 2048px\" \/>\t\t<\/div>\r\n\t\t\t\t\t<div class=\"content\">\r\n\t\t\t\t\t\t<div class=\"content-inner\">\r\n\t\t\t\t\t\t\t            <div class=\"uxper-ele-heading\">\r\n                                                    <h2 class=\"heading-title\">Who we are:<\/h2>\r\n                                                                <div class=\"heading-description\">\r\n                    <p>The boxes are inspired by the scandinavian style \u2013 its simplicity, elegant, warm wood and glass, generous. We have created a space in which you wake up on the mountains in front of you, and in the night you can fall asleep under a sky full of stars. The bed is positioned centrally, surrounded by large windows that provide a panoramic view of the nature of \u2013 in the morning greets you with a golden light, and at night, the sky becomes your very own planetarium!<\/p>                <\/div>\r\n                            <\/div>\r\n        \t\t<div class=\"uxper-ele-button-wrapper\">\r\n\t\t\t<a class=\"uxper-ele-button  style-border\" href=\"https:\/\/apuseniair.ro\/en\/cabane\/\">\t\t\t<div class=\"button-content-wrapper\">\r\n\t\t\t\t\r\n\t\t\t\t\t\t\t\t\t<span class=\"button-text\">book now<\/span>\r\n\t\t\t\t\r\n\t\t\t\t\t\t\t<\/div>\r\n\t\t\t<\/a>\t\t<\/div>\r\n\t\t\t\t\t\t\t\t<\/div>\r\n\t\t\t\t\t<\/div>\r\n\t\t\t\t\t\t\t<\/div>\r\n\t\t<\/div>\r\n\t\t\t\t\t<\/div>\n\t\t\t\t<\/div>\n\t\t\t\t\t<\/div>\n\t\t\t\t<\/div>\n\t\t<div class=\"elementor-element elementor-element-745a48ab e-flex e-con-boxed e-con e-parent\" data-id=\"745a48ab\" data-element_type=\"container\" data-settings=\"{&quot;background_background&quot;:&quot;classic&quot;}\">\n\t\t\t\t\t<div class=\"e-con-inner\">\n\t\t\t\t<div class=\"elementor-element elementor-element-549818db animated-fast elementor-invisible elementor-widget elementor-widget-uxper-modern-heading\" data-id=\"549818db\" data-element_type=\"widget\" data-settings=\"{&quot;_animation&quot;:&quot;uxperFadeInUp&quot;}\" data-widget_type=\"uxper-modern-heading.default\">\n\t\t\t\t<div class=\"elementor-widget-container\">\n\t\t\t\t\t\t\t<div class=\"ue-morden-heading\">\r\n\t\t\t            <div class=\"uxper-ele-heading\">\r\n                                                    <h2 class=\"heading-title\">Why \"Apuseni Air\"?<\/h2>\r\n                                                                <div class=\"heading-description\">\r\n                    <p data-start=\"1270\" data-end=\"1478\">For it was here, on the top of the hill, the air was different. Cold in the morning, still fresh in the evening. And to think the &#034;air&#034; means a space that mental space, which back then only when you get the hang of it.<\/p>                <\/div>\r\n                            <\/div>\r\n        \t\t<\/div>\r\n\t\t\t\t<\/div>\n\t\t\t\t<\/div>\n\t\t\t\t<div class=\"elementor-element elementor-element-30f22237 animated-fast elementor-invisible elementor-widget elementor-widget-uxper-accordion-01\" data-id=\"30f22237\" data-element_type=\"widget\" data-settings=\"{&quot;_animation&quot;:&quot;uxperFadeInUp&quot;}\" data-widget_type=\"uxper-accordion-01.default\">\n\t\t\t\t<div class=\"elementor-widget-container\">\n\t\t\t\t\t\t\t<div class=\"ue-accordion-01\">\r\n\t\t\t<div class=\"inner\">\r\n\t\t\t\t<div class=\"list\">\r\n\t\t\t\t\t\t\t\t\t\t\t<div class=\"item is-active\">\r\n\t\t\t\t\t\t\t<div class=\"content\">\r\n\t\t\t\t\t\t\t\t<div class=\"title\">Relaxation with mountain views<\/div><div class=\"text\"><p data-start=\"254\" data-end=\"458\">The fresh air, the sun on your face, and the landscape as the eye can see \u2013 the perfect recipe for relaxation.<\/p><\/div>\t\t\t\t\t\t\t<\/div>\r\n\t\t\t\t\t\t<\/div>\r\n\t\t\t\t\t\t\t\t\t\t\t<div class=\"item\">\r\n\t\t\t\t\t\t\t<div class=\"content\">\r\n\t\t\t\t\t\t\t\t<div class=\"title\">Evenings at the cottage<\/div><div class=\"text\"><p>Every night there&#039;s something in the spirit of the Mountains: the authentic, simple, memorable way.<\/p><\/div>\t\t\t\t\t\t\t<\/div>\r\n\t\t\t\t\t\t<\/div>\r\n\t\t\t\t\t\t\t\t\t\t\t<div class=\"item\">\r\n\t\t\t\t\t\t\t<div class=\"content\">\r\n\t\t\t\t\t\t\t\t<div class=\"title\">Terrace with Apuseni air<\/div><div class=\"text\"><p>Whether you&#039;re drinking your morning coffee or watch the sunset, the terrace is the perfect venue for your meditation and moments of quiet.<\/p><\/div>\t\t\t\t\t\t\t<\/div>\r\n\t\t\t\t\t\t<\/div>\r\n\t\t\t\t\t\t\t\t\t\t\t<div class=\"item\">\r\n\t\t\t\t\t\t\t<div class=\"content\">\r\n\t\t\t\t\t\t\t\t<div class=\"title\">Breathe in nature, breathe out stress<\/div><div class=\"text\"><p data-start=\"1062\" data-end=\"1218\">In every corner of this cabin is designed for comfort and connecting with nature.<\/p><\/div>\t\t\t\t\t\t\t<\/div>\r\n\t\t\t\t\t\t<\/div>\r\n\t\t\t\t\t\t\t\t\t<\/div>\r\n\t\t\t\t<div class=\"images\">\r\n\t\t\t\t\t\t\t\t\t\t\t<div class=\"item is-active item\">\r\n\t\t\t\t\t\t\t\t\t\t\t\t\t\t\t<div class=\"image\">\r\n\t\t\t\t\t\t\t\t\t<img decoding=\"async\"  src=\"https:\/\/apuseniair.ro\/wp-content\/uploads\/2025\/11\/PS525601-scaled-1-1.webp\" alt=\"PS525601-scaled (1)\" \/>\t\t\t\t\t\t\t\t<\/div>\r\n\t\t\t\t\t\t\t\t\t\t\t\t\t<\/div>\r\n\t\t\t\t\t\t\t\t\t\t\t<div class=\"item item\">\r\n\t\t\t\t\t\t\t\t\t\t\t\t\t\t\t<div class=\"image\">\r\n\t\t\t\t\t\t\t\t\t<img decoding=\"async\"  src=\"https:\/\/apuseniair.ro\/wp-content\/uploads\/2025\/06\/beautiful-fire-pit-near-winter-camping-ground-scaled.jpg\" alt=\"beautiful-fire-pit-near-winter-camping-ground\" \/>\t\t\t\t\t\t\t\t<\/div>\r\n\t\t\t\t\t\t\t\t\t\t\t\t\t<\/div>\r\n\t\t\t\t\t\t\t\t\t\t\t<div class=\"item item\">\r\n\t\t\t\t\t\t\t\t\t\t\t\t\t\t\t<div class=\"image\">\r\n\t\t\t\t\t\t\t\t\t<img decoding=\"async\"  src=\"https:\/\/apuseniair.ro\/wp-content\/uploads\/2021\/06\/PS525713-scaled.jpg\" alt=\"PS525713\" \/>\t\t\t\t\t\t\t\t<\/div>\r\n\t\t\t\t\t\t\t\t\t\t\t\t\t<\/div>\r\n\t\t\t\t\t\t\t\t\t\t\t<div class=\"item item\">\r\n\t\t\t\t\t\t\t\t\t\t\t\t\t\t\t<div class=\"image\">\r\n\t\t\t\t\t\t\t\t\t<img decoding=\"async\"  src=\"https:\/\/apuseniair.ro\/wp-content\/uploads\/2021\/06\/PS525560-scaled.jpg\" alt=\"PS525560\" \/>\t\t\t\t\t\t\t\t<\/div>\r\n\t\t\t\t\t\t\t\t\t\t\t\t\t<\/div>\r\n\t\t\t\t\t\t\t\t\t<\/div>\r\n\t\t\t<\/div>\r\n\t\t<\/div>\r\n\t\t\t\t<\/div>\n\t\t\t\t<\/div>\n\t\t\t\t\t<\/div>\n\t\t\t\t<\/div>\n\t\t\t\t<\/div>","protected":false},"excerpt":{"rendered":"<p>Povestea noastr\u0103 Pasiunea noastr\u0103 pentru lini\u0219te s-a transformat \u00eentr-un loc. Totul a \u00eenceput cu un vis\u2026 sau, mai bine spus, cu o nebunie frumoas\u0103. In una din zilele in care calatoream prin tara, am v\u0103zut un avion abandonat pe un c\u00e2mp. Nu era nimic spectaculos la prima vedere, dar ideea care a \u00eencol\u021bit atunci \u00een [&hellip;]<\/p>","protected":false},"author":1,"featured_media":0,"parent":0,"menu_order":0,"comment_status":"closed","ping_status":"closed","template":"elementor_header_footer","meta":{"footnotes":""},"class_list":["post-3328","page","type-page","status-publish","hentry","post-no-thumbnail"],"yoast_head":"<!-- This site is optimized with the Yoast SEO plugin v26.4 - https:\/\/yoast.com\/wordpress\/plugins\/seo\/ -->\n<title>Despre Apuseni Air \u2013 Povestea Proiectului Nostru<\/title>\n<meta name=\"description\" content=\"Afla povestea Apuseni Air, proiectul dedicat promovarii turismului autentic. O echipa pasionata care creeaza experiente memorabile in Apuseni.\" \/>\n<meta name=\"robots\" content=\"index, follow, max-snippet:-1, max-image-preview:large, max-video-preview:-1\" \/>\n<link rel=\"canonical\" href=\"https:\/\/apuseniair.ro\/en\/povestea-noastra\/\" \/>\n<meta property=\"og:locale\" content=\"en_US\" \/>\n<meta property=\"og:type\" content=\"article\" \/>\n<meta property=\"og:title\" content=\"Despre Apuseni Air \u2013 Povestea Proiectului Nostru\" \/>\n<meta property=\"og:description\" content=\"Afla povestea Apuseni Air, proiectul dedicat promovarii turismului autentic. O echipa pasionata care creeaza experiente memorabile in Apuseni.\" \/>\n<meta property=\"og:url\" content=\"https:\/\/apuseniair.ro\/en\/povestea-noastra\/\" \/>\n<meta property=\"og:site_name\" content=\"APUSENI AIR\" \/>\n<meta property=\"article:modified_time\" content=\"2025-11-21T08:52:46+00:00\" \/>\n<meta property=\"og:image\" content=\"https:\/\/apuseniair.ro\/wp-content\/uploads\/2021\/06\/PS525588-scaled-e1757756428534.jpg\" \/>\n<meta name=\"twitter:card\" content=\"summary_large_image\" \/>\n<meta name=\"twitter:label1\" content=\"Est. reading time\" \/>\n\t<meta name=\"twitter:data1\" content=\"4 minutes\" \/>\n<script type=\"application\/ld+json\" class=\"yoast-schema-graph\">{\"@context\":\"https:\/\/schema.org\",\"@graph\":[{\"@type\":\"WebPage\",\"@id\":\"https:\/\/apuseniair.ro\/povestea-noastra\/\",\"url\":\"https:\/\/apuseniair.ro\/povestea-noastra\/\",\"name\":\"Despre Apuseni Air \u2013 Povestea Proiectului Nostru\",\"isPartOf\":{\"@id\":\"https:\/\/apuseniair.ro\/#website\"},\"primaryImageOfPage\":{\"@id\":\"https:\/\/apuseniair.ro\/povestea-noastra\/#primaryimage\"},\"image\":{\"@id\":\"https:\/\/apuseniair.ro\/povestea-noastra\/#primaryimage\"},\"thumbnailUrl\":\"https:\/\/apuseniair.ro\/wp-content\/uploads\/2021\/06\/PS525588-scaled-e1757756428534.jpg\",\"datePublished\":\"2024-01-18T06:36:14+00:00\",\"dateModified\":\"2025-11-21T08:52:46+00:00\",\"description\":\"Afla povestea Apuseni Air, proiectul dedicat promovarii turismului autentic. O echipa pasionata care creeaza experiente memorabile in Apuseni.\",\"breadcrumb\":{\"@id\":\"https:\/\/apuseniair.ro\/povestea-noastra\/#breadcrumb\"},\"inLanguage\":\"en-US\",\"potentialAction\":[{\"@type\":\"ReadAction\",\"target\":[\"https:\/\/apuseniair.ro\/povestea-noastra\/\"]}]},{\"@type\":\"ImageObject\",\"inLanguage\":\"en-US\",\"@id\":\"https:\/\/apuseniair.ro\/povestea-noastra\/#primaryimage\",\"url\":\"https:\/\/apuseniair.ro\/wp-content\/uploads\/2021\/06\/PS525588-scaled-e1757756428534.jpg\",\"contentUrl\":\"https:\/\/apuseniair.ro\/wp-content\/uploads\/2021\/06\/PS525588-scaled-e1757756428534.jpg\"},{\"@type\":\"BreadcrumbList\",\"@id\":\"https:\/\/apuseniair.ro\/povestea-noastra\/#breadcrumb\",\"itemListElement\":[{\"@type\":\"ListItem\",\"position\":1,\"name\":\"Prima pagin\u0103\",\"item\":\"https:\/\/apuseniair.ro\/\"},{\"@type\":\"ListItem\",\"position\":2,\"name\":\"Despre Apuseni Air\"}]},{\"@type\":\"WebSite\",\"@id\":\"https:\/\/apuseniair.ro\/#website\",\"url\":\"https:\/\/apuseniair.ro\/\",\"name\":\"APUSENI AIR\",\"description\":\"Hotel Booking\",\"potentialAction\":[{\"@type\":\"SearchAction\",\"target\":{\"@type\":\"EntryPoint\",\"urlTemplate\":\"https:\/\/apuseniair.ro\/?s={search_term_string}\"},\"query-input\":{\"@type\":\"PropertyValueSpecification\",\"valueRequired\":true,\"valueName\":\"search_term_string\"}}],\"inLanguage\":\"en-US\"}]}<\/script>\n<!-- \/ Yoast SEO plugin. -->","yoast_head_json":{"title":"Despre Apuseni Air \u2013 Povestea Proiectului Nostru","description":"Afla povestea Apuseni Air, proiectul dedicat promovarii turismului autentic. O echipa pasionata care creeaza experiente memorabile in Apuseni.","robots":{"index":"index","follow":"follow","max-snippet":"max-snippet:-1","max-image-preview":"max-image-preview:large","max-video-preview":"max-video-preview:-1"},"canonical":"https:\/\/apuseniair.ro\/en\/povestea-noastra\/","og_locale":"en_US","og_type":"article","og_title":"Despre Apuseni Air \u2013 Povestea Proiectului Nostru","og_description":"Afla povestea Apuseni Air, proiectul dedicat promovarii turismului autentic. O echipa pasionata care creeaza experiente memorabile in Apuseni.","og_url":"https:\/\/apuseniair.ro\/en\/povestea-noastra\/","og_site_name":"APUSENI AIR","article_modified_time":"2025-11-21T08:52:46+00:00","og_image":[{"url":"https:\/\/apuseniair.ro\/wp-content\/uploads\/2021\/06\/PS525588-scaled-e1757756428534.jpg","type":"","width":"","height":""}],"twitter_card":"summary_large_image","twitter_misc":{"Est. reading time":"4 minutes"},"schema":{"@context":"https:\/\/schema.org","@graph":[{"@type":"WebPage","@id":"https:\/\/apuseniair.ro\/povestea-noastra\/","url":"https:\/\/apuseniair.ro\/povestea-noastra\/","name":"Despre Apuseni Air \u2013 Povestea Proiectului Nostru","isPartOf":{"@id":"https:\/\/apuseniair.ro\/#website"},"primaryImageOfPage":{"@id":"https:\/\/apuseniair.ro\/povestea-noastra\/#primaryimage"},"image":{"@id":"https:\/\/apuseniair.ro\/povestea-noastra\/#primaryimage"},"thumbnailUrl":"https:\/\/apuseniair.ro\/wp-content\/uploads\/2021\/06\/PS525588-scaled-e1757756428534.jpg","datePublished":"2024-01-18T06:36:14+00:00","dateModified":"2025-11-21T08:52:46+00:00","description":"Afla povestea Apuseni Air, proiectul dedicat promovarii turismului autentic. O echipa pasionata care creeaza experiente memorabile in Apuseni.","breadcrumb":{"@id":"https:\/\/apuseniair.ro\/povestea-noastra\/#breadcrumb"},"inLanguage":"en-US","potentialAction":[{"@type":"ReadAction","target":["https:\/\/apuseniair.ro\/povestea-noastra\/"]}]},{"@type":"ImageObject","inLanguage":"en-US","@id":"https:\/\/apuseniair.ro\/povestea-noastra\/#primaryimage","url":"https:\/\/apuseniair.ro\/wp-content\/uploads\/2021\/06\/PS525588-scaled-e1757756428534.jpg","contentUrl":"https:\/\/apuseniair.ro\/wp-content\/uploads\/2021\/06\/PS525588-scaled-e1757756428534.jpg"},{"@type":"BreadcrumbList","@id":"https:\/\/apuseniair.ro\/povestea-noastra\/#breadcrumb","itemListElement":[{"@type":"ListItem","position":1,"name":"Prima pagin\u0103","item":"https:\/\/apuseniair.ro\/"},{"@type":"ListItem","position":2,"name":"Despre Apuseni Air"}]},{"@type":"WebSite","@id":"https:\/\/apuseniair.ro\/#website","url":"https:\/\/apuseniair.ro\/","name":"APUSENI AIR","description":"Hotel Booking","potentialAction":[{"@type":"SearchAction","target":{"@type":"EntryPoint","urlTemplate":"https:\/\/apuseniair.ro\/?s={search_term_string}"},"query-input":{"@type":"PropertyValueSpecification","valueRequired":true,"valueName":"search_term_string"}}],"inLanguage":"en-US"}]}},"_links":{"self":[{"href":"https:\/\/apuseniair.ro\/en\/wp-json\/wp\/v2\/pages\/3328","targetHints":{"allow":["GET"]}}],"collection":[{"href":"https:\/\/apuseniair.ro\/en\/wp-json\/wp\/v2\/pages"}],"about":[{"href":"https:\/\/apuseniair.ro\/en\/wp-json\/wp\/v2\/types\/page"}],"author":[{"embeddable":true,"href":"https:\/\/apuseniair.ro\/en\/wp-json\/wp\/v2\/users\/1"}],"replies":[{"embeddable":true,"href":"https:\/\/apuseniair.ro\/en\/wp-json\/wp\/v2\/comments?post=3328"}],"version-history":[{"count":36,"href":"https:\/\/apuseniair.ro\/en\/wp-json\/wp\/v2\/pages\/3328\/revisions"}],"predecessor-version":[{"id":7045,"href":"https:\/\/apuseniair.ro\/en\/wp-json\/wp\/v2\/pages\/3328\/revisions\/7045"}],"wp:attachment":[{"href":"https:\/\/apuseniair.ro\/en\/wp-json\/wp\/v2\/media?parent=3328"}],"curies":[{"name":"wp","href":"https:\/\/api.w.org\/{rel}","templated":true}]}}